{"id":1782,"date":"2024-07-03T18:34:03","date_gmt":"2024-07-03T18:34:03","guid":{"rendered":"https:\/\/x-rockuzletihirszerzes.hu\/probavasarlas-es-teszteles\/"},"modified":"2024-08-28T19:17:17","modified_gmt":"2024-08-28T19:17:17","slug":"trial-purchase-and-testing","status":"publish","type":"page","link":"https:\/\/x-rockuzletihirszerzes.hu\/en\/trial-purchase-and-testing\/","title":{"rendered":"Mystery Shopping (Phantom Shopping)"},"content":{"rendered":"<p>[et_pb_section fb_built=&#8221;1&#8243; _builder_version=&#8221;4.16&#8243; _module_preset=&#8221;default&#8221; custom_margin_tablet=&#8221;-34px||||false|false&#8221; custom_margin_phone=&#8221;&#8221; custom_margin_last_edited=&#8221;on|tablet&#8221; collapsed=&#8221;off&#8221; global_colors_info=&#8221;{}&#8221;][et_pb_row column_structure=&#8221;2_3,1_3&#8243; _builder_version=&#8221;4.16&#8243; _module_preset=&#8221;default&#8221; width=&#8221;85%&#8221; global_colors_info=&#8221;{}&#8221;][et_pb_column type=&#8221;2_3&#8243; _builder_version=&#8221;4.16&#8243; _module_preset=&#8221;default&#8221; global_colors_info=&#8221;{}&#8221;][et_pb_text _builder_version=&#8221;4.27.0&#8243; _module_preset=&#8221;default&#8221; global_colors_info=&#8221;{}&#8221;]<\/p>\n<h1>Mystery Shopping (Phantom Shopping)<\/h1>\n<p>[\/et_pb_text][et_pb_image src=&#8221;https:\/\/x-rockuzletihirszerzes.hu\/wp-content\/uploads\/2024\/07\/Probavasarlas.jpg&#8221; alt=&#8221;Pr\u00f3bav\u00e1s\u00e1rl\u00e1s&#8221; title_text=&#8221;Pr\u00f3bav\u00e1s\u00e1rl\u00e1s&#8221; _builder_version=&#8221;4.25.2&#8243; _module_preset=&#8221;default&#8221; box_shadow_style=&#8221;preset3&#8243; global_colors_info=&#8221;{}&#8221;][\/et_pb_image][et_pb_text _builder_version=&#8221;4.25.2&#8243; _module_preset=&#8221;default&#8221; global_colors_info=&#8221;{}&#8221;]<\/p>\n<p>Among our services, <strong>inspection purchases and testing<\/strong> are included, which we conduct with high expertise and comprehensive, multi-year experience.<\/p>\n<p>During phantom shopping, our experts simulate a real shopping situation at a given store or service provider to thoroughly assess service, product quality, and overall shopping experience.<\/p>\n<p>Following the evaluation of inspection purchases, you receive a comprehensive overview of the company&#8217;s employees&#8217; work, uncovering errors and deficiencies worth addressing through improvements.<\/p>\n<p><span style=\"font-size: x-large;\"><strong>We analyze and test the company&#8217;s employees&#8217; work professionally!<\/strong><\/span><\/p>\n<p>Phantom shopping are an extremely useful tool for companies, allowing evaluation of employees such as salespeople, counter staff, and customer service representatives, and providing an accurate picture of product and service quality.<\/p>\n<p>Advantages of mystery shopping\u00a0include:<\/p>\n<ul>\n<li>Obtaining real feedback and authentic experiences<\/li>\n<li>Easily uncovering hidden problems<\/li>\n<li>Authentically evaluating employees&#8217; work<\/li>\n<\/ul>\n<p>Information gathered during <strong>testing<\/strong> offers significant assistance in innovation and various developments affecting products, services, or customer service.<\/p>\n<p><strong>Inspection purchases<\/strong> reveal how customer needs can be better met, thereby increasing satisfaction, trust, and commitment to the company. During these inspections, it is easy to identify employees who are not performing adequately, negligently, or inattentively, damaging the company&#8217;s image.<\/p>\n<p><span style=\"font-size: x-large;\">Don&#8217;t leave customer service to chance &#8211; quality is a competitive advantage!<\/span><\/p>\n<p>Companies that regularly employ <strong>mystery shopping<\/strong>\u00a0with expert involvement are generally better prepared for market changes and more competitive. They can quickly respond to customer needs based on precise feedback, enhancing long-term customer satisfaction and loyalty.<\/p>\n<p>Sharing phantom shopping<strong>\u00a0experiences<\/strong> is a crucial step in the process, as all involved parties must be informed of conclusions, lessons learned, and recommendations. Detailed expert reports containing observations, evaluations, and suggestions should be disseminated through training sessions, workshops, or to other company leaders and employees.<\/p>\n<p>The <strong>mystery shopping\u00a0process<\/strong> typically includes the following steps:<\/p>\n<ul>\n<li>Setting objectives<\/li>\n<li>Selecting testers<\/li>\n<li>Developing shopping scenarios<\/li>\n<li>Conducting mystery shopping<\/li>\n<li>Collecting and analyzing data<\/li>\n<\/ul>\n<p><strong>Inspection purchases<\/strong> also involve collecting customer opinions. Understanding these opinions allows for a deeper insight into their satisfaction &#8211; or dissatisfaction &#8211; serving as a basis for innovations and improvements.<\/p>\n<p><span style=\"font-size: x-large;\">Phantom shopping can be used to check not only your own company<\/span><\/p>\n<p><strong>Inspection purchases<\/strong> can also function as reliability tests, not only within our own company but also as part of market research and competitiveness analyses conducted at other companies, such as business partners or competitors.<\/p>\n<p><strong>Here are a few specific areas that can be uncovered:<\/strong><\/p>\n<ul>\n<li>Speed and efficiency of customer service<\/li>\n<li>Quality of products and services<\/li>\n<li>Competitiveness of prices and effectiveness of promotions<\/li>\n<li>Customer experience and satisfaction<\/li>\n<li>Competitiveness<\/li>\n<\/ul>\n<p>With our high expertise and multi-year experience, our professionals professionally conduct <strong>inspection purchases, testing<\/strong>, and, if necessary, collect customer opinions. We assist you in obtaining an authentic and comprehensive view of product, service, and service quality, thereby enhancing your company&#8217;s competitiveness.<\/p>\n<p>&nbsp;<\/p>\n<p>[\/et_pb_text][et_pb_button button_url=&#8221;https:\/\/x-rockuzletihirszerzes.hu\/en\/contact\/&#8221; button_text=&#8221;Contact Us Now&#8221; button_alignment=&#8221;center&#8221; _builder_version=&#8221;4.21.0&#8243; _module_preset=&#8221;default&#8221; custom_button=&#8221;on&#8221; button_text_size=&#8221;21px&#8221; button_bg_color=&#8221;#0f2765&#8243; button_border_width=&#8221;0px&#8221; button_icon=&#8221;&#xe010;||divi||400&#8243; background_layout=&#8221;dark&#8221; button_text_shadow_style=&#8221;preset2&#8243; global_colors_info=&#8221;{}&#8221; button_bg_color__hover_enabled=&#8221;on|hover&#8221; button_bg_color__hover=&#8221;#D9B424&#8243; button_bg_enable_color__hover=&#8221;on&#8221;][\/et_pb_button][\/et_pb_column][et_pb_column type=&#8221;1_3&#8243; _builder_version=&#8221;4.16&#8243; _module_preset=&#8221;default&#8221; global_colors_info=&#8221;{}&#8221;][et_pb_cta title=&#8221;We handle your inquiry discreetly.&#8221; button_url=&#8221;https:\/\/x-rockuzletihirszerzes.hu\/en\/contact\/&#8221; button_text=&#8221;Contact Us&#8221; _builder_version=&#8221;4.21.0&#8243; _module_preset=&#8221;default&#8221; custom_button=&#8221;on&#8221; button_text_size=&#8221;24px&#8221; button_text_color=&#8221;#ffffff&#8221; button_bg_color=&#8221;#D9B424&#8243; button_border_width=&#8221;0px&#8221; button_border_color=&#8221;#ffffff&#8221; button_font=&#8221;|600||on|||||&#8221; button_icon=&#8221;&#xe010;||divi||400&#8243; custom_margin=&#8221;37px||||false|false&#8221; custom_margin_tablet=&#8221;&#8221; custom_margin_phone=&#8221;&#8221; custom_margin_last_edited=&#8221;on|phone&#8221; custom_padding=&#8221;7vw||7vw||true|false&#8221; link_option_url=&#8221;https:\/\/x-rockuzletihirszerzes.hu\/en\/contact\/&#8221; custom_css_main_element=&#8221;min-height:100%&#8221; button_text_shadow_style=&#8221;preset2&#8243; button_text_shadow_horizontal_length=&#8221;0.01em&#8221; button_text_shadow_vertical_length=&#8221;0.05em&#8221; locked=&#8221;off&#8221; global_colors_info=&#8221;{}&#8221;][\/et_pb_cta][et_pb_blurb title=&#8221;Private investigation&#8221; url=&#8221;https:\/\/x-rockuzletihirszerzes.hu\/en\/&#8221; use_icon=&#8221;on&#8221; font_icon=&#8221;&#xe0ed;||divi||400&#8243; icon_color=&#8221;#ffffff&#8221; icon_placement=&#8221;left&#8221; _builder_version=&#8221;4.21.0&#8243; _module_preset=&#8221;default&#8221; header_level=&#8221;h3&#8243; header_text_align=&#8221;left&#8221; header_letter_spacing=&#8221;2px&#8221; background_color=&#8221;#D9B424&#8243; text_orientation=&#8221;center&#8221; background_layout=&#8221;dark&#8221; custom_padding=&#8221;15px|10px|15px|10px|true|true&#8221; link_option_url=&#8221;https:\/\/x-rockuzletihirszerzes.hu\/en\/&#8221; header_text_shadow_style=&#8221;preset1&#8243; box_shadow_style=&#8221;preset3&#8243; locked=&#8221;off&#8221; global_colors_info=&#8221;{}&#8221;][\/et_pb_blurb][et_pb_blurb title=&#8221;Economic, business private investigation, intelligence gathering, counterintelligence&#8221; url=&#8221;https:\/\/x-rockuzletihirszerzes.hu\/en\/business-intelligence\/&#8221; use_icon=&#8221;on&#8221; font_icon=&#8221;&#xe0ed;||divi||400&#8243; icon_color=&#8221;#ffffff&#8221; icon_placement=&#8221;left&#8221; _builder_version=&#8221;4.21.0&#8243; _module_preset=&#8221;default&#8221; header_level=&#8221;h3&#8243; header_text_align=&#8221;left&#8221; header_letter_spacing=&#8221;2px&#8221; background_color=&#8221;#D9B424&#8243; text_orientation=&#8221;center&#8221; background_layout=&#8221;dark&#8221; custom_padding=&#8221;15px|10px|15px|10px|true|true&#8221; link_option_url=&#8221;https:\/\/x-rockuzletihirszerzes.hu\/en\/business-intelligence\/&#8221; header_text_shadow_style=&#8221;preset1&#8243; box_shadow_style=&#8221;preset3&#8243; locked=&#8221;off&#8221; global_colors_info=&#8221;{}&#8221;][\/et_pb_blurb][et_pb_blurb title=&#8221;Vetting of clients and partners&#8221; url=&#8221;https:\/\/x-rockuzletihirszerzes.hu\/en\/vetting-of-clients-and-partners\/&#8221; use_icon=&#8221;on&#8221; font_icon=&#8221;&#xe0ed;||divi||400&#8243; icon_color=&#8221;#ffffff&#8221; icon_placement=&#8221;left&#8221; _builder_version=&#8221;4.21.0&#8243; _module_preset=&#8221;default&#8221; header_level=&#8221;h3&#8243; header_text_align=&#8221;left&#8221; header_letter_spacing=&#8221;2px&#8221; background_color=&#8221;#D9B424&#8243; text_orientation=&#8221;center&#8221; background_layout=&#8221;dark&#8221; custom_padding=&#8221;15px|10px|15px|10px|true|true&#8221; link_option_url=&#8221;https:\/\/x-rockuzletihirszerzes.hu\/en\/vetting-of-clients-and-partners\/&#8221; header_text_shadow_style=&#8221;preset1&#8243; box_shadow_style=&#8221;preset3&#8243; locked=&#8221;off&#8221; global_colors_info=&#8221;{}&#8221;][\/et_pb_blurb][et_pb_blurb title=&#8221;Employee vetting&#8221; url=&#8221;https:\/\/x-rockuzletihirszerzes.hu\/en\/employee-vetting\/&#8221; use_icon=&#8221;on&#8221; font_icon=&#8221;&#xe0ed;||divi||400&#8243; icon_color=&#8221;#ffffff&#8221; icon_placement=&#8221;left&#8221; _builder_version=&#8221;4.21.0&#8243; _module_preset=&#8221;default&#8221; header_level=&#8221;h3&#8243; header_text_align=&#8221;left&#8221; header_letter_spacing=&#8221;2px&#8221; background_color=&#8221;#D9B424&#8243; text_orientation=&#8221;center&#8221; background_layout=&#8221;dark&#8221; custom_padding=&#8221;15px|10px|15px|10px|true|true&#8221; link_option_url=&#8221;https:\/\/x-rockuzletihirszerzes.hu\/en\/employee-vetting\/&#8221; header_text_shadow_style=&#8221;preset1&#8243; box_shadow_style=&#8221;preset3&#8243; locked=&#8221;off&#8221; global_colors_info=&#8221;{}&#8221;][\/et_pb_blurb][et_pb_blurb title=&#8221;Debt Management&#8221; url=&#8221;https:\/\/x-rockuzletihirszerzes.hu\/en\/debt-collection\/&#8221; use_icon=&#8221;on&#8221; font_icon=&#8221;&#xe0ed;||divi||400&#8243; icon_color=&#8221;#ffffff&#8221; icon_placement=&#8221;left&#8221; _builder_version=&#8221;4.21.0&#8243; _module_preset=&#8221;default&#8221; header_level=&#8221;h3&#8243; header_text_align=&#8221;left&#8221; header_letter_spacing=&#8221;2px&#8221; background_color=&#8221;#D9B424&#8243; text_orientation=&#8221;center&#8221; background_layout=&#8221;dark&#8221; custom_padding=&#8221;15px|10px|15px|10px|true|true&#8221; link_option_url=&#8221;https:\/\/x-rockuzletihirszerzes.hu\/en\/debt-collection\/&#8221; header_text_shadow_style=&#8221;preset1&#8243; box_shadow_style=&#8221;preset3&#8243; locked=&#8221;off&#8221; global_colors_info=&#8221;{}&#8221;][\/et_pb_blurb][et_pb_blurb title=&#8221;Building Business Relationships&#8221; url=&#8221;https:\/\/x-rockuzletihirszerzes.hu\/en\/building-business-relationships\/&#8221; use_icon=&#8221;on&#8221; font_icon=&#8221;&#xe0ed;||divi||400&#8243; icon_color=&#8221;#ffffff&#8221; icon_placement=&#8221;left&#8221; _builder_version=&#8221;4.21.0&#8243; _module_preset=&#8221;default&#8221; header_level=&#8221;h3&#8243; header_text_align=&#8221;left&#8221; header_letter_spacing=&#8221;2px&#8221; background_color=&#8221;#D9B424&#8243; text_orientation=&#8221;center&#8221; background_layout=&#8221;dark&#8221; custom_padding=&#8221;15px|10px|15px|10px|true|true&#8221; link_option_url=&#8221;https:\/\/x-rockuzletihirszerzes.hu\/en\/building-business-relationships\/&#8221; header_text_shadow_style=&#8221;preset1&#8243; box_shadow_style=&#8221;preset3&#8243; locked=&#8221;off&#8221; global_colors_info=&#8221;{}&#8221;][\/et_pb_blurb][et_pb_blurb title=&#8221;Internet Scam Detection&#8221; url=&#8221;https:\/\/x-rockuzletihirszerzes.hu\/en\/internet-scam-detection\/&#8221; use_icon=&#8221;on&#8221; font_icon=&#8221;&#xe0ed;||divi||400&#8243; icon_color=&#8221;#ffffff&#8221; icon_placement=&#8221;left&#8221; _builder_version=&#8221;4.22.0&#8243; _module_preset=&#8221;default&#8221; header_level=&#8221;h3&#8243; header_text_align=&#8221;left&#8221; header_letter_spacing=&#8221;2px&#8221; background_color=&#8221;#D9B424&#8243; text_orientation=&#8221;center&#8221; background_layout=&#8221;dark&#8221; custom_padding=&#8221;15px|10px|15px|10px|true|true&#8221; link_option_url=&#8221;https:\/\/x-rockuzletihirszerzes.hu\/en\/internet-scam-detection\/&#8221; header_text_shadow_style=&#8221;preset1&#8243; box_shadow_style=&#8221;preset3&#8243; locked=&#8221;off&#8221; global_colors_info=&#8221;{}&#8221;][\/et_pb_blurb][et_pb_image src=&#8221;https:\/\/x-rockuzletihirszerzes.hu\/wp-content\/uploads\/2020\/09\/uzleti-atvilagitas.jpg&#8221; alt=&#8221;business due diligence&#8221; title_text=&#8221;\u00fczleti \u00e1tvil\u00e1g\u00edt\u00e1s&#8221; _builder_version=&#8221;4.21.0&#8243; _module_preset=&#8221;default&#8221; box_shadow_style=&#8221;preset3&#8243; locked=&#8221;off&#8221; global_colors_info=&#8221;{}&#8221;][\/et_pb_image][\/et_pb_column][\/et_pb_row][\/et_pb_section]<\/p>\n","protected":false},"excerpt":{"rendered":"<p>Mystery Shopping (Phantom Shopping)Among our services, inspection purchases and testing are included, which we conduct with high expertise and comprehensive, multi-year experience. During phantom shopping, our experts simulate a real shopping situation at a given store or service provider to thoroughly assess service, product quality, and overall shopping experience. Following the evaluation of inspection purchases, [&hellip;]<\/p>\n","protected":false},"author":2,"featured_media":0,"parent":0,"menu_order":0,"comment_status":"closed","ping_status":"closed","template":"","meta":{"_et_pb_use_builder":"on","_et_pb_old_content":"","_et_gb_content_width":"","footnotes":""},"class_list":["post-1782","page","type-page","status-publish","hentry"],"_links":{"self":[{"href":"https:\/\/x-rockuzletihirszerzes.hu\/en\/wp-json\/wp\/v2\/pages\/1782","targetHints":{"allow":["GET"]}}],"collection":[{"href":"https:\/\/x-rockuzletihirszerzes.hu\/en\/wp-json\/wp\/v2\/pages"}],"about":[{"href":"https:\/\/x-rockuzletihirszerzes.hu\/en\/wp-json\/wp\/v2\/types\/page"}],"author":[{"embeddable":true,"href":"https:\/\/x-rockuzletihirszerzes.hu\/en\/wp-json\/wp\/v2\/users\/2"}],"replies":[{"embeddable":true,"href":"https:\/\/x-rockuzletihirszerzes.hu\/en\/wp-json\/wp\/v2\/comments?post=1782"}],"version-history":[{"count":6,"href":"https:\/\/x-rockuzletihirszerzes.hu\/en\/wp-json\/wp\/v2\/pages\/1782\/revisions"}],"predecessor-version":[{"id":1831,"href":"https:\/\/x-rockuzletihirszerzes.hu\/en\/wp-json\/wp\/v2\/pages\/1782\/revisions\/1831"}],"wp:attachment":[{"href":"https:\/\/x-rockuzletihirszerzes.hu\/en\/wp-json\/wp\/v2\/media?parent=1782"}],"curies":[{"name":"wp","href":"https:\/\/api.w.org\/{rel}","templated":true}]}}