{"id":1500,"date":"2022-09-19T11:10:44","date_gmt":"2022-09-19T11:10:44","guid":{"rendered":"https:\/\/x-rockuzletihirszerzes.hu\/media-megjelenesek\/"},"modified":"2023-08-16T15:29:02","modified_gmt":"2023-08-16T15:29:02","slug":"media-appearances","status":"publish","type":"page","link":"https:\/\/x-rockuzletihirszerzes.hu\/en\/media-appearances\/","title":{"rendered":"Media Appearances"},"content":{"rendered":"<p>[et_pb_section fb_built=&#8221;1&#8243; _builder_version=&#8221;4.16&#8243; _module_preset=&#8221;default&#8221; custom_margin=&#8221;-32px||||false|false&#8221; custom_margin_tablet=&#8221;&#8221; custom_margin_phone=&#8221;-49px||||false|false&#8221; custom_margin_last_edited=&#8221;on|phone&#8221; global_colors_info=&#8221;{}&#8221;][et_pb_row column_structure=&#8221;2_3,1_3&#8243; _builder_version=&#8221;4.16&#8243; _module_preset=&#8221;default&#8221; width=&#8221;85%&#8221; global_colors_info=&#8221;{}&#8221;][et_pb_column type=&#8221;2_3&#8243; _builder_version=&#8221;4.16&#8243; _module_preset=&#8221;default&#8221; global_colors_info=&#8221;{}&#8221;][et_pb_text _builder_version=&#8221;4.21.0&#8243; _module_preset=&#8221;default&#8221; global_colors_info=&#8221;{}&#8221;]<\/p>\n<h1><span>Featured Media Appearances<\/span><\/h1>\n<p>[\/et_pb_text][et_pb_image src=&#8221;https:\/\/x-rockuzletihirszerzes.hu\/wp-content\/uploads\/2022\/09\/media.jpg&#8221; alt=&#8221;m\u00e9dia megjelen\u00e9sek&#8221; title_text=&#8221;\u00fczleti kapcsolatok ki\u00e9p\u00edt\u00e9se&#8221; _builder_version=&#8221;4.18.0&#8243; _module_preset=&#8221;default&#8221; box_shadow_style=&#8221;preset3&#8243; global_colors_info=&#8221;{}&#8221;][\/et_pb_image][et_pb_text _builder_version=&#8221;4.21.0&#8243; _module_preset=&#8221;default&#8221; global_colors_info=&#8221;{}&#8221;]<\/p>\n<p><span>A few public mentions about us in the world of media.<\/span><\/p>\n<p>[\/et_pb_text][et_pb_text _builder_version=&#8221;4.19.5&#8243; _module_preset=&#8221;default&#8221; global_colors_info=&#8221;{}&#8221;]<\/p>\n<p>2023.01.19.<\/p>\n<p class=\"bg-white pt-md-3 pt-1 mb-0 serif\"><a href=\"https:\/\/kkvmagazin.com\/v\/xrock-magannyomozo-koveteleskezeles-bankok-vallalkozasok-maganszemelyek\/\" target=\"_blank\" rel=\"nofollow noopener\">A K\u00d6VETEL\u00c9SKEZEL\u00c9SEK \u00c9VE LEHET 2023<\/a><\/p>\n<p>[\/et_pb_text][et_pb_text _builder_version=&#8221;4.19.5&#8243; _module_preset=&#8221;default&#8221; global_colors_info=&#8221;{}&#8221;]<\/p>\n<p>2022.11.17.<\/p>\n<p class=\"bg-white pt-md-3 pt-1 mb-0 serif\"><a href=\"https:\/\/www.youtube.com\/watch?v=ve2cl2jxsIs\" target=\"_blank\" rel=\"nofollow noopener\">Mag\u00e1nnyomoz\u00f3k mindennapjai, 3+1 gyakori \u00fcgy &#8211; interj\u00fa YouTube <\/a><\/p>\n<p>[\/et_pb_text][et_pb_text _builder_version=&#8221;4.18.0&#8243; _module_preset=&#8221;default&#8221; global_colors_info=&#8221;{}&#8221;]<\/p>\n<p>2022.08.30.<\/p>\n<p class=\"bg-white pt-md-3 pt-1 mb-0 serif\"><a href=\"https:\/\/www.penzcentrum.hu\/vallalkozas\/20220830\/ezt-tanacsolja-a-magyaroknak-a-magannyomozo-iroda-igy-vedheted-meg-a-titkaidat-1128463\" target=\"_blank\" rel=\"nofollow noopener\">Ezt tan\u00e1csolja a magyaroknak a mag\u00e1nnyomoz\u00f3 iroda: \u00edgy v\u00e9dheted meg a titkaidat<\/a><\/p>\n<p>[\/et_pb_text][et_pb_text _builder_version=&#8221;4.18.0&#8243; _module_preset=&#8221;default&#8221; global_colors_info=&#8221;{}&#8221;]<\/p>\n<p class=\"component-heading\"><a href=\"https:\/\/uzletembermagazin.hu\/hogyan-ne-hagyd-hogy-becsapjanak-atverjenek-vagy-megvezessenek\" target=\"_blank\" rel=\"nofollow noopener\">HOGYAN NE HAGYD, hogy becsapjanak, \u00e1tverjenek vagy megvezessenek?<\/a><\/p>\n<p>[\/et_pb_text][et_pb_text _builder_version=&#8221;4.18.0&#8243; _module_preset=&#8221;default&#8221; global_colors_info=&#8221;{}&#8221;]<\/p>\n<p>2015.10.26.<\/p>\n<p><a href=\"https:\/\/hirtv.hu\/ahirtvhirei_adattar\/gyilkos-1310902\" target=\"_blank\" rel=\"nofollow noopener\">\u00cdt\u00e9let: \u00edgy \u00f6lte meg bar\u00e1tn\u0151j\u00e9t<\/a><\/p>\n<p>[\/et_pb_text][et_pb_text _builder_version=&#8221;4.18.0&#8243; _module_preset=&#8221;default&#8221; global_colors_info=&#8221;{}&#8221;]<\/p>\n<p>2013.09.23.<\/p>\n<p><a href=\"https:\/\/24.hu\/kozelet\/2013\/09\/23\/lovoldozo-bankrablot-keresnek-pest-megyeben\/\" target=\"_blank\" rel=\"nofollow noopener\">L\u00f6v\u00f6ld\u00f6z\u0151 bankrabl\u00f3t keresnek Pest megy\u00e9ben<\/a><\/p>\n<p>[\/et_pb_text][et_pb_button button_url=&#8221;https:\/\/x-rockuzletihirszerzes.hu\/en\/contact\/&#8221; button_text=&#8221;Contact Us Now&#8221; button_alignment=&#8221;center&#8221; _builder_version=&#8221;4.21.0&#8243; _module_preset=&#8221;default&#8221; custom_button=&#8221;on&#8221; button_text_size=&#8221;21px&#8221; button_bg_color=&#8221;#0f2765&#8243; button_border_width=&#8221;0px&#8221; button_icon=&#8221;&#xe010;||divi||400&#8243; background_layout=&#8221;dark&#8221; button_text_shadow_style=&#8221;preset2&#8243; global_colors_info=&#8221;{}&#8221; button_bg_color__hover_enabled=&#8221;on|hover&#8221; button_bg_color__hover=&#8221;#D9B424&#8243; button_bg_enable_color__hover=&#8221;on&#8221;][\/et_pb_button][\/et_pb_column][et_pb_column type=&#8221;1_3&#8243; _builder_version=&#8221;4.16&#8243; _module_preset=&#8221;default&#8221; global_colors_info=&#8221;{}&#8221;][et_pb_cta title=&#8221;We handle your inquiry discreetly.&#8221; button_url=&#8221;https:\/\/x-rockuzletihirszerzes.hu\/en\/contact\/&#8221; button_text=&#8221;Contact Us&#8221; _builder_version=&#8221;4.21.0&#8243; _module_preset=&#8221;default&#8221; custom_button=&#8221;on&#8221; button_text_size=&#8221;24px&#8221; button_text_color=&#8221;#ffffff&#8221; button_bg_color=&#8221;#D9B424&#8243; button_border_width=&#8221;0px&#8221; button_border_color=&#8221;#ffffff&#8221; button_font=&#8221;|600||on|||||&#8221; button_icon=&#8221;&#xe010;||divi||400&#8243; custom_margin=&#8221;37px||||false|false&#8221; custom_margin_tablet=&#8221;&#8221; custom_margin_phone=&#8221;&#8221; custom_margin_last_edited=&#8221;on|phone&#8221; custom_padding=&#8221;7vw||7vw||true|false&#8221; link_option_url=&#8221;https:\/\/x-rockuzletihirszerzes.hu\/en\/contact\/&#8221; custom_css_main_element=&#8221;min-height:100%&#8221; button_text_shadow_style=&#8221;preset2&#8243; button_text_shadow_horizontal_length=&#8221;0.01em&#8221; button_text_shadow_vertical_length=&#8221;0.05em&#8221; locked=&#8221;off&#8221; global_colors_info=&#8221;{}&#8221;][\/et_pb_cta][et_pb_blurb title=&#8221;Private investigation&#8221; url=&#8221;https:\/\/x-rockuzletihirszerzes.hu\/en\/&#8221; use_icon=&#8221;on&#8221; font_icon=&#8221;&#xe0ed;||divi||400&#8243; icon_color=&#8221;#ffffff&#8221; icon_placement=&#8221;left&#8221; _builder_version=&#8221;4.21.0&#8243; _module_preset=&#8221;default&#8221; header_level=&#8221;h3&#8243; header_text_align=&#8221;left&#8221; header_letter_spacing=&#8221;2px&#8221; background_color=&#8221;#D9B424&#8243; text_orientation=&#8221;center&#8221; background_layout=&#8221;dark&#8221; custom_padding=&#8221;15px|10px|15px|10px|true|true&#8221; link_option_url=&#8221;https:\/\/x-rockuzletihirszerzes.hu\/en\/&#8221; header_text_shadow_style=&#8221;preset1&#8243; box_shadow_style=&#8221;preset3&#8243; global_colors_info=&#8221;{}&#8221;][\/et_pb_blurb][et_pb_blurb title=&#8221;Economic, business private investigation, intelligence gathering, counterintelligence&#8221; url=&#8221;https:\/\/x-rockuzletihirszerzes.hu\/en\/business-intelligence\/&#8221; use_icon=&#8221;on&#8221; font_icon=&#8221;&#xe0ed;||divi||400&#8243; icon_color=&#8221;#ffffff&#8221; icon_placement=&#8221;left&#8221; _builder_version=&#8221;4.21.0&#8243; _module_preset=&#8221;default&#8221; header_level=&#8221;h3&#8243; header_text_align=&#8221;left&#8221; header_letter_spacing=&#8221;2px&#8221; background_color=&#8221;#D9B424&#8243; text_orientation=&#8221;center&#8221; background_layout=&#8221;dark&#8221; custom_padding=&#8221;15px|10px|15px|10px|true|true&#8221; link_option_url=&#8221;https:\/\/x-rockuzletihirszerzes.hu\/en\/business-intelligence\/&#8221; header_text_shadow_style=&#8221;preset1&#8243; box_shadow_style=&#8221;preset3&#8243; global_colors_info=&#8221;{}&#8221;][\/et_pb_blurb][et_pb_blurb title=&#8221;Vetting of clients and partners&#8221; url=&#8221;https:\/\/x-rockuzletihirszerzes.hu\/en\/vetting-of-clients-and-partners\/&#8221; use_icon=&#8221;on&#8221; font_icon=&#8221;&#xe0ed;||divi||400&#8243; icon_color=&#8221;#ffffff&#8221; icon_placement=&#8221;left&#8221; _builder_version=&#8221;4.21.0&#8243; _module_preset=&#8221;default&#8221; header_level=&#8221;h3&#8243; header_text_align=&#8221;left&#8221; header_letter_spacing=&#8221;2px&#8221; background_color=&#8221;#D9B424&#8243; text_orientation=&#8221;center&#8221; background_layout=&#8221;dark&#8221; custom_padding=&#8221;15px|10px|15px|10px|true|true&#8221; link_option_url=&#8221;https:\/\/x-rockuzletihirszerzes.hu\/en\/vetting-of-clients-and-partners\/&#8221; header_text_shadow_style=&#8221;preset1&#8243; box_shadow_style=&#8221;preset3&#8243; global_colors_info=&#8221;{}&#8221;][\/et_pb_blurb][et_pb_blurb title=&#8221;Employee vetting&#8221; url=&#8221;https:\/\/x-rockuzletihirszerzes.hu\/en\/employee-vetting\/&#8221; use_icon=&#8221;on&#8221; font_icon=&#8221;&#xe0ed;||divi||400&#8243; icon_color=&#8221;#ffffff&#8221; icon_placement=&#8221;left&#8221; _builder_version=&#8221;4.21.0&#8243; _module_preset=&#8221;default&#8221; header_level=&#8221;h3&#8243; header_text_align=&#8221;left&#8221; header_letter_spacing=&#8221;2px&#8221; background_color=&#8221;#D9B424&#8243; text_orientation=&#8221;center&#8221; background_layout=&#8221;dark&#8221; custom_padding=&#8221;15px|10px|15px|10px|true|true&#8221; link_option_url=&#8221;https:\/\/x-rockuzletihirszerzes.hu\/en\/employee-vetting\/&#8221; header_text_shadow_style=&#8221;preset1&#8243; box_shadow_style=&#8221;preset3&#8243; global_colors_info=&#8221;{}&#8221;][\/et_pb_blurb][et_pb_blurb title=&#8221;Debt Management&#8221; url=&#8221;https:\/\/x-rockuzletihirszerzes.hu\/en\/debt-collection\/&#8221; use_icon=&#8221;on&#8221; font_icon=&#8221;&#xe0ed;||divi||400&#8243; icon_color=&#8221;#ffffff&#8221; icon_placement=&#8221;left&#8221; _builder_version=&#8221;4.21.0&#8243; _module_preset=&#8221;default&#8221; header_level=&#8221;h3&#8243; header_text_align=&#8221;left&#8221; header_letter_spacing=&#8221;2px&#8221; background_color=&#8221;#D9B424&#8243; text_orientation=&#8221;center&#8221; background_layout=&#8221;dark&#8221; custom_padding=&#8221;15px|10px|15px|10px|true|true&#8221; link_option_url=&#8221;https:\/\/x-rockuzletihirszerzes.hu\/en\/debt-collection\/&#8221; header_text_shadow_style=&#8221;preset1&#8243; box_shadow_style=&#8221;preset3&#8243; global_colors_info=&#8221;{}&#8221;][\/et_pb_blurb][et_pb_blurb title=&#8221;Building Business Relationships&#8221; url=&#8221;https:\/\/x-rockuzletihirszerzes.hu\/en\/building-business-relationships\/&#8221; use_icon=&#8221;on&#8221; font_icon=&#8221;&#xe0ed;||divi||400&#8243; icon_color=&#8221;#ffffff&#8221; icon_placement=&#8221;left&#8221; _builder_version=&#8221;4.21.0&#8243; _module_preset=&#8221;default&#8221; header_level=&#8221;h3&#8243; header_text_align=&#8221;left&#8221; header_letter_spacing=&#8221;2px&#8221; background_color=&#8221;#D9B424&#8243; text_orientation=&#8221;center&#8221; background_layout=&#8221;dark&#8221; custom_padding=&#8221;15px|10px|15px|10px|true|true&#8221; link_option_url=&#8221;https:\/\/x-rockuzletihirszerzes.hu\/en\/building-business-relationships\/&#8221; header_text_shadow_style=&#8221;preset1&#8243; box_shadow_style=&#8221;preset3&#8243; global_colors_info=&#8221;{}&#8221;][\/et_pb_blurb][et_pb_blurb title=&#8221;Internet Scam Detection&#8221; url=&#8221;https:\/\/x-rockuzletihirszerzes.hu\/en\/internet-scam-detection\/&#8221; use_icon=&#8221;on&#8221; font_icon=&#8221;&#xe0ed;||divi||400&#8243; icon_color=&#8221;#ffffff&#8221; icon_placement=&#8221;left&#8221; _builder_version=&#8221;4.22.0&#8243; _module_preset=&#8221;default&#8221; header_level=&#8221;h3&#8243; header_text_align=&#8221;left&#8221; header_letter_spacing=&#8221;2px&#8221; background_color=&#8221;#D9B424&#8243; text_orientation=&#8221;center&#8221; background_layout=&#8221;dark&#8221; custom_padding=&#8221;15px|10px|15px|10px|true|true&#8221; link_option_url=&#8221;https:\/\/x-rockuzletihirszerzes.hu\/en\/internet-scam-detection\/&#8221; hover_enabled=&#8221;0&#8243; header_text_shadow_style=&#8221;preset1&#8243; box_shadow_style=&#8221;preset3&#8243; global_colors_info=&#8221;{}&#8221; sticky_enabled=&#8221;0&#8243; locked=&#8221;off&#8221;][\/et_pb_blurb][et_pb_blurb title=&#8221;PR, press contact::&#8221; image=&#8221;https:\/\/x-rockuzletihirszerzes.hu\/wp-content\/uploads\/2023\/02\/KRPR.hu-_-Karoly-Robert-PR-Marketing-2.1-logo-classic.jpg&#8221; alt=&#8221;KRPR.hu &#8221; _builder_version=&#8221;4.19.5&#8243; _module_preset=&#8221;default&#8221; header_level=&#8221;h3&#8243; global_colors_info=&#8221;{}&#8221;]<\/p>\n<p><a href=\"https:\/\/www.krpr.hu\/\" rel=\"nofollow noopener\" target=\"_blank\">K\u00e1roly R\u00f3bert PR &amp; Marketing | KRPR.hu | Partner a kommunik\u00e1ci\u00f3ban.<\/a><\/p>\n<p><a href=\"mailto:info@krpr.hu\">info@krpr.hu<\/a>\u00a0| +36 70 453 7950<\/p>\n<p>[\/et_pb_blurb][et_pb_image src=&#8221;https:\/\/x-rockuzletihirszerzes.hu\/wp-content\/uploads\/2020\/09\/uzleti-atvilagitas.jpg&#8221; alt=&#8221;\u00fczleti \u00e1tvil\u00e1g\u00edt\u00e1s&#8221; title_text=&#8221;\u00fczleti \u00e1tvil\u00e1g\u00edt\u00e1s&#8221; _builder_version=&#8221;4.16&#8243; _module_preset=&#8221;default&#8221; box_shadow_style=&#8221;preset3&#8243; locked=&#8221;off&#8221; global_colors_info=&#8221;{}&#8221;][\/et_pb_image][\/et_pb_column][\/et_pb_row][\/et_pb_section]<\/p>\n","protected":false},"excerpt":{"rendered":"<p>Featured Media AppearancesA few public mentions about us in the world of media.2023.01.19. A K\u00d6VETEL\u00c9SKEZEL\u00c9SEK \u00c9VE LEHET 20232022.11.17. Mag\u00e1nnyomoz\u00f3k mindennapjai, 3+1 gyakori \u00fcgy &#8211; interj\u00fa YouTube 2022.08.30. Ezt tan\u00e1csolja a magyaroknak a mag\u00e1nnyomoz\u00f3 iroda: \u00edgy v\u00e9dheted meg a titkaidatHOGYAN NE HAGYD, hogy becsapjanak, \u00e1tverjenek vagy megvezessenek?2015.10.26. \u00cdt\u00e9let: \u00edgy \u00f6lte meg bar\u00e1tn\u0151j\u00e9t2013.09.23. L\u00f6v\u00f6ld\u00f6z\u0151 bankrabl\u00f3t keresnek Pest [&hellip;]<\/p>\n","protected":false},"author":2,"featured_media":0,"parent":0,"menu_order":0,"comment_status":"closed","ping_status":"closed","template":"","meta":{"_et_pb_use_builder":"on","_et_pb_old_content":"","_et_gb_content_width":"","footnotes":""},"class_list":["post-1500","page","type-page","status-publish","hentry"],"_links":{"self":[{"href":"https:\/\/x-rockuzletihirszerzes.hu\/en\/wp-json\/wp\/v2\/pages\/1500","targetHints":{"allow":["GET"]}}],"collection":[{"href":"https:\/\/x-rockuzletihirszerzes.hu\/en\/wp-json\/wp\/v2\/pages"}],"about":[{"href":"https:\/\/x-rockuzletihirszerzes.hu\/en\/wp-json\/wp\/v2\/types\/page"}],"author":[{"embeddable":true,"href":"https:\/\/x-rockuzletihirszerzes.hu\/en\/wp-json\/wp\/v2\/users\/2"}],"replies":[{"embeddable":true,"href":"https:\/\/x-rockuzletihirszerzes.hu\/en\/wp-json\/wp\/v2\/comments?post=1500"}],"version-history":[{"count":8,"href":"https:\/\/x-rockuzletihirszerzes.hu\/en\/wp-json\/wp\/v2\/pages\/1500\/revisions"}],"predecessor-version":[{"id":1665,"href":"https:\/\/x-rockuzletihirszerzes.hu\/en\/wp-json\/wp\/v2\/pages\/1500\/revisions\/1665"}],"wp:attachment":[{"href":"https:\/\/x-rockuzletihirszerzes.hu\/en\/wp-json\/wp\/v2\/media?parent=1500"}],"curies":[{"name":"wp","href":"https:\/\/api.w.org\/{rel}","templated":true}]}}