{"id":1466,"date":"2022-08-21T21:26:42","date_gmt":"2022-08-21T21:26:42","guid":{"rendered":"https:\/\/x-rockuzletihirszerzes.hu\/rolunk\/"},"modified":"2023-08-16T15:28:25","modified_gmt":"2023-08-16T15:28:25","slug":"about-us","status":"publish","type":"page","link":"https:\/\/x-rockuzletihirszerzes.hu\/en\/about-us\/","title":{"rendered":"About Us"},"content":{"rendered":"<p>[et_pb_section fb_built=&#8221;1&#8243; _builder_version=&#8221;4.16&#8243; _module_preset=&#8221;default&#8221; custom_margin_tablet=&#8221;-21px||||false|false&#8221; custom_margin_phone=&#8221;-30px||||false|false&#8221; custom_margin_last_edited=&#8221;on|phone&#8221; global_colors_info=&#8221;{}&#8221;][et_pb_row column_structure=&#8221;2_3,1_3&#8243; _builder_version=&#8221;4.16&#8243; _module_preset=&#8221;default&#8221; width=&#8221;85%&#8221; global_colors_info=&#8221;{}&#8221;][et_pb_column type=&#8221;2_3&#8243; _builder_version=&#8221;4.16&#8243; _module_preset=&#8221;default&#8221; global_colors_info=&#8221;{}&#8221;][et_pb_text _builder_version=&#8221;4.21.0&#8243; _module_preset=&#8221;default&#8221; global_colors_info=&#8221;{}&#8221;]<\/p>\n<h1>About Us<\/h1>\n<p>[\/et_pb_text][et_pb_text _builder_version=&#8221;4.21.0&#8243; _module_preset=&#8221;default&#8221; ul_line_height=&#8221;1.6em&#8221; custom_margin=&#8221;||56px|||&#8221; global_colors_info=&#8221;{}&#8221;]<\/p>\n<p style=\"text-align: center;\"><strong style=\"font-size: 17px;\">We understand that entrusting sensitive matters to someone is not easy.<\/strong><strong><\/strong><\/p>\n<p>As the founder of X-Rock Private Detective Agency, I, along with my highly trained and experienced colleagues, offer a helping hand so you don&#8217;t have to face your problems alone.<\/p>\n<p style=\"text-align: center;\"><strong>Our expertise is at your service!<\/strong><\/p>\n<p>Our company helps solve the most difficult, opaque, and complex problems of <strong>individuals and businesses<\/strong>, preventing major personal and financial mistakes.<\/p>\n<p>Our team of highly <strong>trained and experienced investigators, as well as legal and business experts<\/strong>, use their exceptional expertise in all areas of investigation to unravel problems, from finding missing persons to debt management and corporate fraud.<\/p>\n<p>We offer a wide range of services tailored to the unique needs of our clients, and we always work with the utmost discretion to ensure the protection of business and private life.<\/p>\n<p style=\"text-align: center;\"><strong>If you need help solving a problem, contact us today and let us put our expertise at your service<\/strong>.<\/p>\n<p>[\/et_pb_text][et_pb_text _builder_version=&#8221;4.21.0&#8243; _module_preset=&#8221;default&#8221; custom_margin=&#8221;||52px|||&#8221; global_colors_info=&#8221;{}&#8221;]<\/p>\n<p style=\"text-align: center;\"><strong>Our team&#8217;s expertise encompasses 160 years of experience.<\/strong><\/p>\n<p>[\/et_pb_text][et_pb_button button_url=&#8221;https:\/\/x-rockuzletihirszerzes.hu\/en\/contact\/&#8221; button_text=&#8221;Contact Us Now&#8221; button_alignment=&#8221;center&#8221; _builder_version=&#8221;4.21.0&#8243; _module_preset=&#8221;default&#8221; custom_button=&#8221;on&#8221; button_text_size=&#8221;21px&#8221; button_bg_color=&#8221;#0f2765&#8243; button_border_width=&#8221;0px&#8221; button_icon=&#8221;&#xe010;||divi||400&#8243; background_layout=&#8221;dark&#8221; button_text_shadow_style=&#8221;preset2&#8243; global_colors_info=&#8221;{}&#8221; button_bg_color__hover_enabled=&#8221;on|hover&#8221; button_bg_color__hover=&#8221;#D9B424&#8243; button_bg_enable_color__hover=&#8221;on&#8221;][\/et_pb_button][et_pb_text _builder_version=&#8221;4.21.0&#8243; _module_preset=&#8221;default&#8221; ul_line_height=&#8221;2.4em&#8221; custom_margin=&#8221;52px|||||&#8221; global_colors_info=&#8221;{}&#8221;]<\/p>\n<p><strong>A few words about the founder, Zal\u00e1n Do\u00f3r:<\/strong><\/p>\n<p>&nbsp;<\/p>\n<ul>\n<li>I graduated from the <strong>Police Officer College in 2006<\/strong> with a degree in criminal studies, then worked as a detective in the Angyalf\u00f6ld district.<\/li>\n<li>Not long after, I moved towards the operational field, and in 2013, I continued my operational work at the <strong>Robbery Subdivision of the Criminal Division of the National Police Headquarters<\/strong> in Pest County, significantly contributing to the capture of L.GY.<\/li>\n<li>As a recognition of this investigation, I received the national chief of police award and was transferred to the <strong>defense service<\/strong>, which is essentially the &#8220;internal defense&#8221; of the law enforcement agencies. I spent two years there, then carried out reconnaissance activities in the so-called &#8220;<strong>Balkan Route&#8221; countries<\/strong> at another organizational unit.<\/li>\n<li>Between 2018-2019, I worked at the Criminal Directorate of the <strong>National Tax and Customs Administration<\/strong>, then I retired to apply my knowledge and experience in the private and business sectors.<\/li>\n<li>During my service, <strong>I received several leadership recognitions<\/strong>, including the national chief of police award twice.<\/li>\n<li>After continuous operational and psychological training, I successfully completed the hostage negotiation training with the approval of the <strong>FBI ILEA<\/strong> instructors.<\/li>\n<li>Following all these, I also successfully completed the <strong>National University of Public Service&#8217;s MSc program<\/strong> in national security expertise.<\/li>\n<li>Alongside my service, I also mentored at the Police Officer College and the National University of Public Service as a guest lecturer on <strong>interrogation tactics<\/strong> for 12 years.<\/li>\n<\/ul>\n<p>[\/et_pb_text][et_pb_text _builder_version=&#8221;4.18.0&#8243; _module_preset=&#8221;default&#8221; custom_margin=&#8221;||50px|||&#8221; global_colors_info=&#8221;{}&#8221;]<\/p>\n<p style=\"text-align: center;\"><strong>In the X-Rock projects, we collaborate with several colleagues who are highly qualified at the highest level. We jointly carry out tasks in legal, business, counterintelligence and investigative fields, taking into account the highest quality and efficiency criteria.<\/strong><\/p>\n<p>[\/et_pb_text][et_pb_button button_url=&#8221;https:\/\/x-rockuzletihirszerzes.hu\/en\/contact\/&#8221; button_text=&#8221;Contact Us Now&#8221; button_alignment=&#8221;center&#8221; _builder_version=&#8221;4.21.0&#8243; _module_preset=&#8221;default&#8221; custom_button=&#8221;on&#8221; button_text_size=&#8221;21px&#8221; button_bg_color=&#8221;#0f2765&#8243; button_border_width=&#8221;0px&#8221; button_icon=&#8221;&#xe010;||divi||400&#8243; background_layout=&#8221;dark&#8221; button_text_shadow_style=&#8221;preset2&#8243; global_colors_info=&#8221;{}&#8221; button_bg_color__hover_enabled=&#8221;on|hover&#8221; button_bg_color__hover=&#8221;#D9B424&#8243; button_bg_enable_color__hover=&#8221;on&#8221;][\/et_pb_button][\/et_pb_column][et_pb_column type=&#8221;1_3&#8243; _builder_version=&#8221;4.16&#8243; _module_preset=&#8221;default&#8221; global_colors_info=&#8221;{}&#8221;][et_pb_image src=&#8221;https:\/\/x-rockuzletihirszerzes.hu\/wp-content\/uploads\/2022\/09\/door-zalan-x-rock.jpg&#8221; alt=&#8221;Door Zal\u00e1n private detective&#8221; title_text=&#8221;Door Zal\u00e1n private detective&#8221; align=&#8221;center&#8221; force_fullwidth=&#8221;on&#8221; _builder_version=&#8221;4.21.0&#8243; _module_preset=&#8221;default&#8221; global_colors_info=&#8221;{}&#8221;][\/et_pb_image][et_pb_text _builder_version=&#8221;4.21.0&#8243; _module_preset=&#8221;default&#8221; text_font=&#8221;|600||on|||||&#8221; custom_margin=&#8221;||0px|||&#8221; global_colors_info=&#8221;{}&#8221;]<\/p>\n<p style=\"text-align: center;\">Our partner in solving your problem:\u00a0<\/p>\n<p>[\/et_pb_text][et_pb_image src=&#8221;https:\/\/x-rockuzletihirszerzes.hu\/wp-content\/uploads\/2022\/10\/Hodos-ugyvedi-iroda.jpg&#8221; alt=&#8221;H\u00f3dos Law Firm&#8221; align=&#8221;center&#8221; _builder_version=&#8221;4.21.0&#8243; _module_preset=&#8221;default&#8221; module_alignment=&#8221;center&#8221; custom_margin=&#8221;||3px|||&#8221; global_colors_info=&#8221;{}&#8221;][\/et_pb_image][et_pb_blurb title=&#8221;Private investigation&#8221; url=&#8221;https:\/\/x-rockuzletihirszerzes.hu\/en\/&#8221; use_icon=&#8221;on&#8221; font_icon=&#8221;&#xe0ed;||divi||400&#8243; icon_color=&#8221;#ffffff&#8221; icon_placement=&#8221;left&#8221; _builder_version=&#8221;4.21.0&#8243; _module_preset=&#8221;default&#8221; header_level=&#8221;h3&#8243; header_text_align=&#8221;left&#8221; header_letter_spacing=&#8221;2px&#8221; background_color=&#8221;#D9B424&#8243; text_orientation=&#8221;center&#8221; background_layout=&#8221;dark&#8221; custom_padding=&#8221;15px|10px|15px|10px|true|true&#8221; link_option_url=&#8221;https:\/\/x-rockuzletihirszerzes.hu\/en\/&#8221; header_text_shadow_style=&#8221;preset1&#8243; box_shadow_style=&#8221;preset3&#8243; global_colors_info=&#8221;{}&#8221;][\/et_pb_blurb][et_pb_blurb title=&#8221;Economic, business private investigation, intelligence gathering, counterintelligence&#8221; url=&#8221;https:\/\/x-rockuzletihirszerzes.hu\/en\/business-intelligence\/&#8221; use_icon=&#8221;on&#8221; font_icon=&#8221;&#xe0ed;||divi||400&#8243; icon_color=&#8221;#ffffff&#8221; icon_placement=&#8221;left&#8221; _builder_version=&#8221;4.21.0&#8243; _module_preset=&#8221;default&#8221; header_level=&#8221;h3&#8243; header_text_align=&#8221;left&#8221; header_letter_spacing=&#8221;2px&#8221; background_color=&#8221;#D9B424&#8243; text_orientation=&#8221;center&#8221; background_layout=&#8221;dark&#8221; custom_padding=&#8221;15px|10px|15px|10px|true|true&#8221; link_option_url=&#8221;https:\/\/x-rockuzletihirszerzes.hu\/en\/business-intelligence\/&#8221; header_text_shadow_style=&#8221;preset1&#8243; box_shadow_style=&#8221;preset3&#8243; global_colors_info=&#8221;{}&#8221;][\/et_pb_blurb][et_pb_blurb title=&#8221;Vetting of clients and partners&#8221; url=&#8221;https:\/\/x-rockuzletihirszerzes.hu\/en\/vetting-of-clients-and-partners\/&#8221; use_icon=&#8221;on&#8221; font_icon=&#8221;&#xe0ed;||divi||400&#8243; icon_color=&#8221;#ffffff&#8221; icon_placement=&#8221;left&#8221; _builder_version=&#8221;4.21.0&#8243; _module_preset=&#8221;default&#8221; header_level=&#8221;h3&#8243; header_text_align=&#8221;left&#8221; header_letter_spacing=&#8221;2px&#8221; background_color=&#8221;#D9B424&#8243; text_orientation=&#8221;center&#8221; background_layout=&#8221;dark&#8221; custom_padding=&#8221;15px|10px|15px|10px|true|true&#8221; link_option_url=&#8221;https:\/\/x-rockuzletihirszerzes.hu\/en\/vetting-of-clients-and-partners\/&#8221; header_text_shadow_style=&#8221;preset1&#8243; box_shadow_style=&#8221;preset3&#8243; global_colors_info=&#8221;{}&#8221;][\/et_pb_blurb][et_pb_blurb title=&#8221;Employee vetting&#8221; url=&#8221;https:\/\/x-rockuzletihirszerzes.hu\/en\/employee-vetting\/&#8221; use_icon=&#8221;on&#8221; font_icon=&#8221;&#xe0ed;||divi||400&#8243; icon_color=&#8221;#ffffff&#8221; icon_placement=&#8221;left&#8221; _builder_version=&#8221;4.21.0&#8243; _module_preset=&#8221;default&#8221; header_level=&#8221;h3&#8243; header_text_align=&#8221;left&#8221; header_letter_spacing=&#8221;2px&#8221; background_color=&#8221;#D9B424&#8243; text_orientation=&#8221;center&#8221; background_layout=&#8221;dark&#8221; custom_padding=&#8221;15px|10px|15px|10px|true|true&#8221; link_option_url=&#8221;https:\/\/x-rockuzletihirszerzes.hu\/en\/employee-vetting\/&#8221; header_text_shadow_style=&#8221;preset1&#8243; box_shadow_style=&#8221;preset3&#8243; global_colors_info=&#8221;{}&#8221;][\/et_pb_blurb][et_pb_blurb title=&#8221;Debt Management&#8221; url=&#8221;https:\/\/x-rockuzletihirszerzes.hu\/en\/debt-collection\/&#8221; use_icon=&#8221;on&#8221; font_icon=&#8221;&#xe0ed;||divi||400&#8243; icon_color=&#8221;#ffffff&#8221; icon_placement=&#8221;left&#8221; _builder_version=&#8221;4.21.0&#8243; _module_preset=&#8221;default&#8221; header_level=&#8221;h3&#8243; header_text_align=&#8221;left&#8221; header_letter_spacing=&#8221;2px&#8221; background_color=&#8221;#D9B424&#8243; text_orientation=&#8221;center&#8221; background_layout=&#8221;dark&#8221; custom_padding=&#8221;15px|10px|15px|10px|true|true&#8221; link_option_url=&#8221;https:\/\/x-rockuzletihirszerzes.hu\/en\/debt-collection\/&#8221; header_text_shadow_style=&#8221;preset1&#8243; box_shadow_style=&#8221;preset3&#8243; global_colors_info=&#8221;{}&#8221;][\/et_pb_blurb][et_pb_blurb title=&#8221;Building Business Relationships&#8221; url=&#8221;https:\/\/x-rockuzletihirszerzes.hu\/en\/building-business-relationships\/&#8221; use_icon=&#8221;on&#8221; font_icon=&#8221;&#xe0ed;||divi||400&#8243; icon_color=&#8221;#ffffff&#8221; icon_placement=&#8221;left&#8221; _builder_version=&#8221;4.21.0&#8243; _module_preset=&#8221;default&#8221; header_level=&#8221;h3&#8243; header_text_align=&#8221;left&#8221; header_letter_spacing=&#8221;2px&#8221; background_color=&#8221;#D9B424&#8243; text_orientation=&#8221;center&#8221; background_layout=&#8221;dark&#8221; custom_padding=&#8221;15px|10px|15px|10px|true|true&#8221; link_option_url=&#8221;https:\/\/x-rockuzletihirszerzes.hu\/en\/building-business-relationships\/&#8221; header_text_shadow_style=&#8221;preset1&#8243; box_shadow_style=&#8221;preset3&#8243; global_colors_info=&#8221;{}&#8221;][\/et_pb_blurb][et_pb_blurb title=&#8221;Internet Scam Detection&#8221; url=&#8221;https:\/\/x-rockuzletihirszerzes.hu\/en\/internet-scam-detection\/&#8221; use_icon=&#8221;on&#8221; font_icon=&#8221;&#xe0ed;||divi||400&#8243; icon_color=&#8221;#ffffff&#8221; icon_placement=&#8221;left&#8221; _builder_version=&#8221;4.22.0&#8243; _module_preset=&#8221;default&#8221; header_level=&#8221;h3&#8243; header_text_align=&#8221;left&#8221; header_letter_spacing=&#8221;2px&#8221; background_color=&#8221;#D9B424&#8243; text_orientation=&#8221;center&#8221; background_layout=&#8221;dark&#8221; custom_padding=&#8221;15px|10px|15px|10px|true|true&#8221; link_option_url=&#8221;https:\/\/x-rockuzletihirszerzes.hu\/en\/internet-scam-detection\/&#8221; hover_enabled=&#8221;0&#8243; header_text_shadow_style=&#8221;preset1&#8243; box_shadow_style=&#8221;preset3&#8243; global_colors_info=&#8221;{}&#8221; sticky_enabled=&#8221;0&#8243; locked=&#8221;off&#8221;][\/et_pb_blurb][et_pb_image src=&#8221;https:\/\/x-rockuzletihirszerzes.hu\/wp-content\/uploads\/2020\/09\/uzleti-atvilagitas.jpg&#8221; alt=&#8221;business due diligence&#8221; title_text=&#8221;\u00fczleti \u00e1tvil\u00e1g\u00edt\u00e1s&#8221; _builder_version=&#8221;4.21.0&#8243; _module_preset=&#8221;default&#8221; box_shadow_style=&#8221;preset3&#8243; locked=&#8221;off&#8221; global_colors_info=&#8221;{}&#8221;][\/et_pb_image][\/et_pb_column][\/et_pb_row][\/et_pb_section]<\/p>\n","protected":false},"excerpt":{"rendered":"<p>About UsWe understand that entrusting sensitive matters to someone is not easy. As the founder of X-Rock Private Detective Agency, I, along with my highly trained and experienced colleagues, offer a helping hand so you don&#8217;t have to face your problems alone. Our expertise is at your service! Our company helps solve the most difficult, [&hellip;]<\/p>\n","protected":false},"author":2,"featured_media":0,"parent":0,"menu_order":0,"comment_status":"closed","ping_status":"closed","template":"","meta":{"_et_pb_use_builder":"on","_et_pb_old_content":"","_et_gb_content_width":"","footnotes":""},"class_list":["post-1466","page","type-page","status-publish","hentry"],"_links":{"self":[{"href":"https:\/\/x-rockuzletihirszerzes.hu\/en\/wp-json\/wp\/v2\/pages\/1466","targetHints":{"allow":["GET"]}}],"collection":[{"href":"https:\/\/x-rockuzletihirszerzes.hu\/en\/wp-json\/wp\/v2\/pages"}],"about":[{"href":"https:\/\/x-rockuzletihirszerzes.hu\/en\/wp-json\/wp\/v2\/types\/page"}],"author":[{"embeddable":true,"href":"https:\/\/x-rockuzletihirszerzes.hu\/en\/wp-json\/wp\/v2\/users\/2"}],"replies":[{"embeddable":true,"href":"https:\/\/x-rockuzletihirszerzes.hu\/en\/wp-json\/wp\/v2\/comments?post=1466"}],"version-history":[{"count":14,"href":"https:\/\/x-rockuzletihirszerzes.hu\/en\/wp-json\/wp\/v2\/pages\/1466\/revisions"}],"predecessor-version":[{"id":1664,"href":"https:\/\/x-rockuzletihirszerzes.hu\/en\/wp-json\/wp\/v2\/pages\/1466\/revisions\/1664"}],"wp:attachment":[{"href":"https:\/\/x-rockuzletihirszerzes.hu\/en\/wp-json\/wp\/v2\/media?parent=1466"}],"curies":[{"name":"wp","href":"https:\/\/api.w.org\/{rel}","templated":true}]}}