{"id":1437,"date":"2022-09-30T13:26:22","date_gmt":"2022-09-30T13:26:22","guid":{"rendered":"https:\/\/x-rockuzletihirszerzes.hu\/magannyomozo-arak-x-rock-hogyan-kalkulaljunk\/"},"modified":"2024-03-22T15:05:24","modified_gmt":"2024-03-22T15:05:24","slug":"private-investigator-prices","status":"publish","type":"page","link":"https:\/\/x-rockuzletihirszerzes.hu\/en\/private-investigator-prices\/","title":{"rendered":"Private Investigator Prices at X-Rock &#8211; How to Calculate?"},"content":{"rendered":"<p>[et_pb_section fb_built=&#8221;1&#8243; _builder_version=&#8221;4.16&#8243; _module_preset=&#8221;default&#8221; custom_margin=&#8221;-32px||||false|false&#8221; custom_margin_tablet=&#8221;&#8221; custom_margin_phone=&#8221;-49px||||false|false&#8221; custom_margin_last_edited=&#8221;on|phone&#8221; global_colors_info=&#8221;{}&#8221;][et_pb_row column_structure=&#8221;2_3,1_3&#8243; _builder_version=&#8221;4.16&#8243; _module_preset=&#8221;default&#8221; width=&#8221;85%&#8221; global_colors_info=&#8221;{}&#8221;][et_pb_column type=&#8221;2_3&#8243; _builder_version=&#8221;4.16&#8243; _module_preset=&#8221;default&#8221; global_colors_info=&#8221;{}&#8221;][et_pb_text _builder_version=&#8221;4.18.0&#8243; _module_preset=&#8221;default&#8221; global_colors_info=&#8221;{}&#8221;]<\/p>\n<h1><span>Private Investigator Prices at X-Rock &#8211; How to Calculate?<\/span><\/h1>\n<p>[\/et_pb_text][et_pb_image src=&#8221;https:\/\/x-rockuzletihirszerzes.hu\/wp-content\/uploads\/2022\/09\/magannyomozo-arak-megbeszeles.jpg&#8221; alt=&#8221;private detective prices, appointment&#8221; title_text=&#8221;\u00fczleti kapcsolatok ki\u00e9p\u00edt\u00e9se&#8221; _builder_version=&#8221;4.21.0&#8243; _module_preset=&#8221;default&#8221; box_shadow_style=&#8221;preset3&#8243; global_colors_info=&#8221;{}&#8221;][\/et_pb_image][et_pb_text _builder_version=&#8221;4.18.0&#8243; _module_preset=&#8221;default&#8221; global_colors_info=&#8221;{}&#8221;]<\/p>\n<p data-pm-slice=\"1 1 []\"><span>There can be numerous reasons why you decide to hire a reliable private investigator who can help ensure the smooth operation of your company or business.<\/span><\/p>\n<p><span>For instance, when you<strong> hire a new employee or want to do business with a potential partner<\/strong>, it may be necessary to thoroughly <strong>check the person&#8217;s background<\/strong>.<\/span><\/p>\n<p><span>This is especially true when it comes to important positions that involve tasks you would only <strong>entrust to a person with the appropriate professional skills<\/strong>.<\/span><\/p>\n<p><span>In important business matters, a lot can be at stake, so <em>it can also be essential to find out who you will be collaborating with<\/em>. In such cases, it&#8217;s better to be safe and hire an experienced private investigator to help vet the named individuals.<\/span><\/p>\n<h2><span>What does the cost of private investigation depend on?<\/span><\/h2>\n<p><span>Since the formation of private investigator prices primarily depends on the exact type of investigation, we always provide a unique quote for each case. <strong>We can only give an accurate price when we know all the details of the assignment<\/strong>.<\/span><\/p>\n<p>It also matters whether the observation of one or more persons is necessary to fulfill the assignment, what kind of data needs to be collected, and how much time and work the search for this data requires. Moreover, it counts whether the investigation needs to be conducted in Budapest, in the countryside, or at a foreign location.<\/p>\n<p>In the latter case, an important aspect is also how far the investigator has to travel and whether they need accommodation during their stay.<\/p>\n<p>In some cases, a <strong>lawyer may also be involved<\/strong>, for example, when investigating matters related to asset distribution or debt collection. Of course, these are just a few selected details, as no two cases are the same, each case requires individual consideration.<\/p>\n<p>Of course, we clarify approximately what total amount you can expect for the investigation before starting it. During a consultation, we discuss all the important details that influence the final fee, so the final amount we will invoice after making the decision is predictable in advance.<\/p>\n<p>[\/et_pb_text][et_pb_image src=&#8221;https:\/\/x-rockuzletihirszerzes.hu\/wp-content\/uploads\/2022\/09\/magannyomozo-kellekek.jpg&#8221; alt=&#8221;private detective equipment&#8221; align=&#8221;center&#8221; _builder_version=&#8221;4.21.0&#8243; _module_preset=&#8221;default&#8221; global_colors_info=&#8221;{}&#8221;][\/et_pb_image][et_pb_text _builder_version=&#8221;4.18.0&#8243; _module_preset=&#8221;default&#8221; global_colors_info=&#8221;{}&#8221;]<\/p>\n<h2 data-pm-slice=\"1 1 []\"><span>How much does a private investigation cost?<\/span><\/h2>\n<p>In general, it can be said that in Hungary in 2023, prices start from 25,000 &#8211; 30,000 HUF\/hour and vary upwards depending on the complexity of the task. Since every case is unique, we can only give a specific price after a complex understanding of the problem.<\/p>\n<p>With us, the fee for the preliminary personal consultation is 40,000 forints for the first hour, but if the consultation lasts longer, 20,000 forints will be charged for each hour started. The price includes the presence of a lawyer if necessary.<\/p>\n<p>If an agreement is reached, this amount <strong>will be included in the fee for the private investigation<\/strong>. During the consultation, the details of the case are revealed to get an accurate picture of the private investigative task to be performed.<\/p>\n<p>It&#8217;s worth preparing for <em>comprehensive questions<\/em> so that we can get as detailed a picture as possible of the background of the case, which includes all information and circumstances that could be important to the slightest extent. Based on this data, we will prepare a price calculation so that you can make a final decision and it will be clear how much the investigative work will cost.<\/p>\n<p>Knowing the preliminary calculation, you can decide whether you want to use our service.<\/p>\n<p>In the case of longer investigative work, it may also be necessary to pay a deposit as a guarantee. The amount of this is also very variable depending on exactly what task is at hand and how much time is foreseeable to close the case and obtain the evidence.<\/p>\n<p>[\/et_pb_text][et_pb_image src=&#8221;https:\/\/x-rockuzletihirszerzes.hu\/wp-content\/uploads\/2022\/09\/koltsegek.jpg&#8221; alt=&#8221;expenses&#8221; align=&#8221;center&#8221; _builder_version=&#8221;4.21.0&#8243; _module_preset=&#8221;default&#8221; global_colors_info=&#8221;{}&#8221;][\/et_pb_image][et_pb_text _builder_version=&#8221;4.18.0&#8243; _module_preset=&#8221;default&#8221; global_colors_info=&#8221;{}&#8221;]<\/p>\n<h2 data-pm-slice=\"1 1 []\"><strong>What does the private investigator&#8217;s fee include?<\/strong><\/h2>\n<p>The price includes the fee of the private investigator with many years of experience or, in the case of group work, the investigators, as well as all tasks and costs that may be necessary to carry out the investigative activity.<\/p>\n<p>This includes consultation, the specialist&#8217;s travel to the location, the fee of the investigator and his colleagues, and other costs incurred. The written report on this, i.e., the minutes, and if this is also mentioned in the agreement, then the acquisition and presentation of evidence supporting the facts &#8211; photos, documents, or other data.<\/p>\n<p>If legal support is needed, for example, in the form of advice or representation, the total amount also includes the participation of a lawyer or attorney.<\/p>\n<p><strong>X-Rock Private Detective Office is waiting for your inquiry!<\/strong><\/p>\n<p>[\/et_pb_text][et_pb_text _builder_version=&#8221;4.21.0&#8243; _module_preset=&#8221;default&#8221; text_font_size=&#8221;25px&#8221; global_colors_info=&#8221;{}&#8221;]<strong>Request a quote!<\/strong>[\/et_pb_text][et_pb_code _builder_version=&#8221;4.24.2&#8243; _module_preset=&#8221;default&#8221; hover_enabled=&#8221;0&#8243; global_colors_info=&#8221;{}&#8221; sticky_enabled=&#8221;0&#8243;]<div class=\"wpforms-container wpforms-container-full\" id=\"wpforms-1512\"><form id=\"wpforms-form-1512\" class=\"wpforms-validate wpforms-form\" data-formid=\"1512\" method=\"post\" enctype=\"multipart\/form-data\" action=\"\/en\/wp-json\/wp\/v2\/pages\/1437\" data-token=\"61c8b51b23371f778d758a9a49820800\" data-token-time=\"1777312663\"><noscript class=\"wpforms-error-noscript\">Please enable JavaScript in your browser to complete this form.<\/noscript><div class=\"wpforms-field-container\"><div id=\"wpforms-1512-field_0-container\" class=\"wpforms-field wpforms-field-name\" data-field-id=\"0\"><label class=\"wpforms-field-label wpforms-label-hide\" for=\"wpforms-1512-field_0\">N\u00e9v <span class=\"wpforms-required-label\">*<\/span><\/label><input type=\"text\" id=\"wpforms-1512-field_0\" class=\"wpforms-field-large wpforms-field-required\" name=\"wpforms[fields][0]\" placeholder=\"How may we address you?\" required><\/div><div id=\"wpforms-1512-field_1-container\" class=\"wpforms-field wpforms-field-email\" data-field-id=\"1\"><label class=\"wpforms-field-label wpforms-label-hide\" for=\"wpforms-1512-field_1\">Email <span class=\"wpforms-required-label\">*<\/span><\/label><input type=\"email\" id=\"wpforms-1512-field_1\" class=\"wpforms-field-large wpforms-field-required\" name=\"wpforms[fields][1]\" placeholder=\"E-mail\" spellcheck=\"false\" required><\/div><div id=\"wpforms-1512-field_2-container\" class=\"wpforms-field wpforms-field-textarea\" data-field-id=\"2\"><label class=\"wpforms-field-label wpforms-label-hide\" for=\"wpforms-1512-field_2\">Message <span class=\"wpforms-required-label\">*<\/span><\/label><textarea id=\"wpforms-1512-field_2\" class=\"wpforms-field-medium wpforms-field-required\" name=\"wpforms[fields][2]\" placeholder=\"Message\" required><\/textarea><\/div><div id=\"wpforms-1512-field_3-container\" class=\"wpforms-field wpforms-field-gdpr-checkbox\" data-field-id=\"3\"><label class=\"wpforms-field-label wpforms-label-hide\">Adatv\u00e9delem <span class=\"wpforms-required-label\">*<\/span><\/label><ul id=\"wpforms-1512-field_3\" class=\"wpforms-field-required\"><li class=\"choice-1\"><input type=\"checkbox\" id=\"wpforms-1512-field_3_1\" name=\"wpforms[fields][3][]\" value=\"I have read the Privacy Policy and I consent to the processing of my data\" required ><label class=\"wpforms-field-label-inline\" for=\"wpforms-1512-field_3_1\">I have read the Privacy Policy and I consent to the processing of my data <span class=\"wpforms-required-label\">*<\/span><\/label><\/li><\/ul><div class=\"wpforms-field-description\"><a href=\"https:\/\/x-rockuzletihirszerzes.hu\/en\/privacy-policy\/\">Privacy Policy<\/a><\/div><\/div><\/div><!-- .wpforms-field-container --><div class=\"wpforms-submit-container\" ><input type=\"hidden\" name=\"wpforms[id]\" value=\"1512\"><input type=\"hidden\" name=\"page_title\" value=\"\"><input type=\"hidden\" name=\"page_url\" value=\"https:\/\/x-rockuzletihirszerzes.hu\/en\/wp-json\/wp\/v2\/pages\/1437\"><input type=\"hidden\" name=\"url_referer\" value=\"\"><button type=\"submit\" name=\"wpforms[submit]\" id=\"wpforms-submit-1512\" class=\"wpforms-submit\" data-alt-text=\"Sending...\" data-submit-text=\"Send\" aria-live=\"assertive\" value=\"wpforms-submit\">Send<\/button><\/div><\/form><\/div>  <!-- .wpforms-container -->[\/et_pb_code][\/et_pb_column][et_pb_column type=&#8221;1_3&#8243; _builder_version=&#8221;4.16&#8243; _module_preset=&#8221;default&#8221; global_colors_info=&#8221;{}&#8221;][et_pb_cta title=&#8221;We handle your inquiry discreetly.&#8221; button_url=&#8221;https:\/\/x-rockuzletihirszerzes.hu\/en\/contact\/&#8221; button_text=&#8221;Contact Us&#8221; _builder_version=&#8221;4.21.0&#8243; _module_preset=&#8221;default&#8221; custom_button=&#8221;on&#8221; button_text_size=&#8221;24px&#8221; button_text_color=&#8221;#ffffff&#8221; button_bg_color=&#8221;#D9B424&#8243; button_border_width=&#8221;0px&#8221; button_border_color=&#8221;#ffffff&#8221; button_font=&#8221;|600||on|||||&#8221; button_icon=&#8221;&#xe010;||divi||400&#8243; custom_margin=&#8221;37px||||false|false&#8221; custom_margin_tablet=&#8221;&#8221; custom_margin_phone=&#8221;&#8221; custom_margin_last_edited=&#8221;on|phone&#8221; custom_padding=&#8221;7vw||7vw||true|false&#8221; link_option_url=&#8221;https:\/\/x-rockuzletihirszerzes.hu\/en\/contact\/&#8221; custom_css_main_element=&#8221;min-height:100%&#8221; button_text_shadow_style=&#8221;preset2&#8243; button_text_shadow_horizontal_length=&#8221;0.01em&#8221; button_text_shadow_vertical_length=&#8221;0.05em&#8221; locked=&#8221;off&#8221; global_colors_info=&#8221;{}&#8221;][\/et_pb_cta][et_pb_blurb title=&#8221;Private investigation&#8221; url=&#8221;https:\/\/x-rockuzletihirszerzes.hu\/en\/&#8221; use_icon=&#8221;on&#8221; font_icon=&#8221;&#xe0ed;||divi||400&#8243; icon_color=&#8221;#ffffff&#8221; icon_placement=&#8221;left&#8221; _builder_version=&#8221;4.21.0&#8243; _module_preset=&#8221;default&#8221; header_level=&#8221;h3&#8243; header_text_align=&#8221;left&#8221; header_letter_spacing=&#8221;2px&#8221; background_color=&#8221;#D9B424&#8243; text_orientation=&#8221;center&#8221; background_layout=&#8221;dark&#8221; custom_padding=&#8221;15px|10px|15px|10px|true|true&#8221; link_option_url=&#8221;https:\/\/x-rockuzletihirszerzes.hu\/en\/&#8221; header_text_shadow_style=&#8221;preset1&#8243; box_shadow_style=&#8221;preset3&#8243; global_colors_info=&#8221;{}&#8221;][\/et_pb_blurb][et_pb_blurb title=&#8221;Economic, business private investigation, intelligence gathering, counterintelligence&#8221; url=&#8221;https:\/\/x-rockuzletihirszerzes.hu\/en\/business-intelligence\/&#8221; use_icon=&#8221;on&#8221; font_icon=&#8221;&#xe0ed;||divi||400&#8243; icon_color=&#8221;#ffffff&#8221; icon_placement=&#8221;left&#8221; _builder_version=&#8221;4.21.0&#8243; _module_preset=&#8221;default&#8221; header_level=&#8221;h3&#8243; header_text_align=&#8221;left&#8221; header_letter_spacing=&#8221;2px&#8221; background_color=&#8221;#D9B424&#8243; text_orientation=&#8221;center&#8221; background_layout=&#8221;dark&#8221; custom_padding=&#8221;15px|10px|15px|10px|true|true&#8221; link_option_url=&#8221;https:\/\/x-rockuzletihirszerzes.hu\/en\/business-intelligence\/&#8221; header_text_shadow_style=&#8221;preset1&#8243; box_shadow_style=&#8221;preset3&#8243; global_colors_info=&#8221;{}&#8221;][\/et_pb_blurb][et_pb_blurb title=&#8221;Vetting of clients and partners&#8221; url=&#8221;https:\/\/x-rockuzletihirszerzes.hu\/en\/vetting-of-clients-and-partners\/&#8221; use_icon=&#8221;on&#8221; font_icon=&#8221;&#xe0ed;||divi||400&#8243; icon_color=&#8221;#ffffff&#8221; icon_placement=&#8221;left&#8221; _builder_version=&#8221;4.21.0&#8243; _module_preset=&#8221;default&#8221; header_level=&#8221;h3&#8243; header_text_align=&#8221;left&#8221; header_letter_spacing=&#8221;2px&#8221; background_color=&#8221;#D9B424&#8243; text_orientation=&#8221;center&#8221; background_layout=&#8221;dark&#8221; custom_padding=&#8221;15px|10px|15px|10px|true|true&#8221; link_option_url=&#8221;https:\/\/x-rockuzletihirszerzes.hu\/en\/vetting-of-clients-and-partners\/&#8221; header_text_shadow_style=&#8221;preset1&#8243; box_shadow_style=&#8221;preset3&#8243; global_colors_info=&#8221;{}&#8221;][\/et_pb_blurb][et_pb_blurb title=&#8221;Employee vetting&#8221; url=&#8221;https:\/\/x-rockuzletihirszerzes.hu\/en\/employee-vetting\/&#8221; use_icon=&#8221;on&#8221; font_icon=&#8221;&#xe0ed;||divi||400&#8243; icon_color=&#8221;#ffffff&#8221; icon_placement=&#8221;left&#8221; _builder_version=&#8221;4.21.0&#8243; _module_preset=&#8221;default&#8221; header_level=&#8221;h3&#8243; header_text_align=&#8221;left&#8221; header_letter_spacing=&#8221;2px&#8221; background_color=&#8221;#D9B424&#8243; text_orientation=&#8221;center&#8221; background_layout=&#8221;dark&#8221; custom_padding=&#8221;15px|10px|15px|10px|true|true&#8221; link_option_url=&#8221;https:\/\/x-rockuzletihirszerzes.hu\/en\/employee-vetting\/&#8221; header_text_shadow_style=&#8221;preset1&#8243; box_shadow_style=&#8221;preset3&#8243; global_colors_info=&#8221;{}&#8221;][\/et_pb_blurb][et_pb_blurb title=&#8221;Debt Management&#8221; url=&#8221;https:\/\/x-rockuzletihirszerzes.hu\/en\/debt-collection\/&#8221; use_icon=&#8221;on&#8221; font_icon=&#8221;&#xe0ed;||divi||400&#8243; icon_color=&#8221;#ffffff&#8221; icon_placement=&#8221;left&#8221; _builder_version=&#8221;4.21.0&#8243; _module_preset=&#8221;default&#8221; header_level=&#8221;h3&#8243; header_text_align=&#8221;left&#8221; header_letter_spacing=&#8221;2px&#8221; background_color=&#8221;#D9B424&#8243; text_orientation=&#8221;center&#8221; background_layout=&#8221;dark&#8221; custom_padding=&#8221;15px|10px|15px|10px|true|true&#8221; link_option_url=&#8221;https:\/\/x-rockuzletihirszerzes.hu\/en\/debt-collection\/&#8221; header_text_shadow_style=&#8221;preset1&#8243; box_shadow_style=&#8221;preset3&#8243; global_colors_info=&#8221;{}&#8221;][\/et_pb_blurb][et_pb_blurb title=&#8221;Building Business Relationships&#8221; url=&#8221;https:\/\/x-rockuzletihirszerzes.hu\/en\/building-business-relationships\/&#8221; use_icon=&#8221;on&#8221; font_icon=&#8221;&#xe0ed;||divi||400&#8243; icon_color=&#8221;#ffffff&#8221; icon_placement=&#8221;left&#8221; _builder_version=&#8221;4.21.0&#8243; _module_preset=&#8221;default&#8221; header_level=&#8221;h3&#8243; header_text_align=&#8221;left&#8221; header_letter_spacing=&#8221;2px&#8221; background_color=&#8221;#D9B424&#8243; text_orientation=&#8221;center&#8221; background_layout=&#8221;dark&#8221; custom_padding=&#8221;15px|10px|15px|10px|true|true&#8221; link_option_url=&#8221;https:\/\/x-rockuzletihirszerzes.hu\/en\/building-business-relationships\/&#8221; header_text_shadow_style=&#8221;preset1&#8243; box_shadow_style=&#8221;preset3&#8243; global_colors_info=&#8221;{}&#8221;][\/et_pb_blurb][et_pb_blurb title=&#8221;Internet Scam Detection&#8221; url=&#8221;https:\/\/x-rockuzletihirszerzes.hu\/en\/internet-scam-detection\/&#8221; use_icon=&#8221;on&#8221; font_icon=&#8221;&#xe0ed;||divi||400&#8243; icon_color=&#8221;#ffffff&#8221; icon_placement=&#8221;left&#8221; _builder_version=&#8221;4.22.0&#8243; _module_preset=&#8221;default&#8221; header_level=&#8221;h3&#8243; header_text_align=&#8221;left&#8221; header_letter_spacing=&#8221;2px&#8221; background_color=&#8221;#D9B424&#8243; text_orientation=&#8221;center&#8221; background_layout=&#8221;dark&#8221; custom_padding=&#8221;15px|10px|15px|10px|true|true&#8221; link_option_url=&#8221;https:\/\/x-rockuzletihirszerzes.hu\/en\/internet-scam-detection\/&#8221; header_text_shadow_style=&#8221;preset1&#8243; box_shadow_style=&#8221;preset3&#8243; locked=&#8221;off&#8221; global_colors_info=&#8221;{}&#8221;][\/et_pb_blurb][et_pb_blurb title=&#8221;Prices&#8221; url=&#8221;https:\/\/x-rockuzletihirszerzes.hu\/en\/private-investigator-prices\/&#8221; use_icon=&#8221;on&#8221; font_icon=&#8221;&#xe0ed;||divi||400&#8243; icon_color=&#8221;#ffffff&#8221; icon_placement=&#8221;left&#8221; _builder_version=&#8221;4.21.0&#8243; _module_preset=&#8221;default&#8221; header_level=&#8221;h3&#8243; header_text_align=&#8221;left&#8221; header_letter_spacing=&#8221;2px&#8221; background_color=&#8221;#D9B424&#8243; text_orientation=&#8221;center&#8221; background_layout=&#8221;dark&#8221; custom_padding=&#8221;15px|10px|15px|10px|true|true&#8221; link_option_url=&#8221;https:\/\/x-rockuzletihirszerzes.hu\/en\/private-investigator-prices\/&#8221; header_text_shadow_style=&#8221;preset1&#8243; box_shadow_style=&#8221;preset3&#8243; global_colors_info=&#8221;{}&#8221;][\/et_pb_blurb][et_pb_image src=&#8221;https:\/\/x-rockuzletihirszerzes.hu\/wp-content\/uploads\/2020\/09\/uzleti-atvilagitas.jpg&#8221; alt=&#8221;business due diligence&#8221; title_text=&#8221;\u00fczleti \u00e1tvil\u00e1g\u00edt\u00e1s&#8221; _builder_version=&#8221;4.21.0&#8243; _module_preset=&#8221;default&#8221; box_shadow_style=&#8221;preset3&#8243; locked=&#8221;off&#8221; global_colors_info=&#8221;{}&#8221;][\/et_pb_image][\/et_pb_column][\/et_pb_row][\/et_pb_section]<\/p>\n","protected":false},"excerpt":{"rendered":"<p>Private Investigator Prices at X-Rock &#8211; How to Calculate?There can be numerous reasons why you decide to hire a reliable private investigator who can help ensure the smooth operation of your company or business. For instance, when you hire a new employee or want to do business with a potential partner, it may be necessary [&hellip;]<\/p>\n","protected":false},"author":2,"featured_media":0,"parent":0,"menu_order":0,"comment_status":"closed","ping_status":"closed","template":"","meta":{"_et_pb_use_builder":"on","_et_pb_old_content":"","_et_gb_content_width":"","footnotes":""},"class_list":["post-1437","page","type-page","status-publish","hentry"],"_links":{"self":[{"href":"https:\/\/x-rockuzletihirszerzes.hu\/en\/wp-json\/wp\/v2\/pages\/1437","targetHints":{"allow":["GET"]}}],"collection":[{"href":"https:\/\/x-rockuzletihirszerzes.hu\/en\/wp-json\/wp\/v2\/pages"}],"about":[{"href":"https:\/\/x-rockuzletihirszerzes.hu\/en\/wp-json\/wp\/v2\/types\/page"}],"author":[{"embeddable":true,"href":"https:\/\/x-rockuzletihirszerzes.hu\/en\/wp-json\/wp\/v2\/users\/2"}],"replies":[{"embeddable":true,"href":"https:\/\/x-rockuzletihirszerzes.hu\/en\/wp-json\/wp\/v2\/comments?post=1437"}],"version-history":[{"count":17,"href":"https:\/\/x-rockuzletihirszerzes.hu\/en\/wp-json\/wp\/v2\/pages\/1437\/revisions"}],"predecessor-version":[{"id":1695,"href":"https:\/\/x-rockuzletihirszerzes.hu\/en\/wp-json\/wp\/v2\/pages\/1437\/revisions\/1695"}],"wp:attachment":[{"href":"https:\/\/x-rockuzletihirszerzes.hu\/en\/wp-json\/wp\/v2\/media?parent=1437"}],"curies":[{"name":"wp","href":"https:\/\/api.w.org\/{rel}","templated":true}]}}