{"id":1330,"date":"2022-07-15T17:03:09","date_gmt":"2022-07-15T17:03:09","guid":{"rendered":"https:\/\/x-rockuzletihirszerzes.hu\/gazdasagi-es-uzleti-magannyomozas-hirszerzes\/"},"modified":"2023-08-16T15:25:00","modified_gmt":"2023-08-16T15:25:00","slug":"business-intelligence","status":"publish","type":"page","link":"https:\/\/x-rockuzletihirszerzes.hu\/en\/business-intelligence\/","title":{"rendered":"Economic and business private investigation, intelligence gathering"},"content":{"rendered":"<p>[et_pb_section fb_built=&#8221;1&#8243; _builder_version=&#8221;4.16&#8243; _module_preset=&#8221;default&#8221; custom_margin_tablet=&#8221;-34px||||false|false&#8221; custom_margin_phone=&#8221;&#8221; custom_margin_last_edited=&#8221;on|tablet&#8221; collapsed=&#8221;on&#8221; global_colors_info=&#8221;{}&#8221;][et_pb_row column_structure=&#8221;2_3,1_3&#8243; _builder_version=&#8221;4.16&#8243; _module_preset=&#8221;default&#8221; width=&#8221;83.8%&#8221; global_colors_info=&#8221;{}&#8221;][et_pb_column type=&#8221;2_3&#8243; _builder_version=&#8221;4.16&#8243; _module_preset=&#8221;default&#8221; global_colors_info=&#8221;{}&#8221;][et_pb_text _builder_version=&#8221;4.17.4&#8243; _module_preset=&#8221;default&#8221; global_colors_info=&#8221;{}&#8221;]<\/p>\n<h1><span>Economic investigation, business intelligence, counterintelligence<\/span><\/h1>\n<p>[\/et_pb_text][et_pb_image src=&#8221;https:\/\/x-rockuzletihirszerzes.hu\/wp-content\/uploads\/2022\/07\/gazdasagi-uzleti-hirszerzes.jpg&#8221; alt=&#8221;economic business intelligence&#8221; title_text=&#8221;Door Zal\u00e1n private detective&#8221; _builder_version=&#8221;4.21.0&#8243; _module_preset=&#8221;default&#8221; box_shadow_style=&#8221;preset3&#8243; global_colors_info=&#8221;{}&#8221;][\/et_pb_image][et_pb_text _builder_version=&#8221;4.17.4&#8243; _module_preset=&#8221;default&#8221; custom_margin=&#8221;||52px|||&#8221; global_colors_info=&#8221;{}&#8221;]<\/p>\n<h2><span>Our scope of activities includes business intelligence, counterintelligence, and economic investigation. Contact us in Budapest.<\/span><\/h2>\n<p><strong>We provide comprehensive advice on security, legal, and economic issues as well.<\/strong><\/p>\n<h3 style=\"text-align: center;\"><\/h3>\n<p>[\/et_pb_text][et_pb_text _builder_version=&#8221;4.17.4&#8243; _module_preset=&#8221;default&#8221; global_colors_info=&#8221;{}&#8221;]<\/p>\n<p><span style=\"font-size: 17px;\">The X-Rock business private detective agency can provide invaluable information not only for individuals, but also for companies and entrepreneurs. This information can assist in evaluating work processes, facilitating the development of corporate strategies, and making professional decisions. By using our economic private investigation services, you can gain access to invaluable information.<\/span><span><\/span><\/p>\n<h3><\/h3>\n<p><span><\/span><\/p>\n<p><span>In many cases, we can also help prevent the leakage of information, and we identify potential risks <a href=\"https:\/\/x-rockuzletihirszerzes.hu\/en\/employee-vetting\/\">within the company<\/a> that could jeopardize safe operations.<\/span><\/p>\n<p>With decades of experience and a comprehensive range of professional services, we help uncover the truth in any situation.<\/p>\n<p>Whether you need a simple background check or a comprehensive business investigation, X-Rock has the necessary tools and strategies to carry out the job with maximum discretion.<\/p>\n<p>We offer a wide range of services, including <strong>security consulting, legal advice, and economic investigation<\/strong>. Contact us at our Budapest headquarters, or reach us by email or phone.<\/p>\n<p>We also provide comprehensive advisory services in security, legal, and economic matters. Industrial and economic investigation is one of our specialties. Gain a competitive edge in the market with our services.<\/p>\n<p>Let your company be the one that grows and develops securely among competitors.<\/p>\n<p>&nbsp;<\/p>\n<h3>Trust in our intelligence and counterintelligence expertise.<\/h3>\n<p>&nbsp;<\/p>\n<p><strong>Always stay one step ahead of your competitors!<\/strong><\/p>\n<p>Contact us online or visit the X-Rock Private Detective Agency in Budapest&#8217;s VII. district. If you need business intelligence or other economic investigation services, let&#8217;s discuss the details and solve your company&#8217;s problem as quickly as possible!<\/p>\n<p>&nbsp;<\/p>\n<p>[\/et_pb_text][et_pb_button button_url=&#8221;https:\/\/x-rockuzletihirszerzes.hu\/en\/contact\/&#8221; button_text=&#8221;Contact Us Now&#8221; button_alignment=&#8221;center&#8221; _builder_version=&#8221;4.21.0&#8243; _module_preset=&#8221;default&#8221; custom_button=&#8221;on&#8221; button_text_size=&#8221;21px&#8221; button_bg_color=&#8221;#0f2765&#8243; button_border_width=&#8221;0px&#8221; button_icon=&#8221;&#xe010;||divi||400&#8243; background_layout=&#8221;dark&#8221; button_text_shadow_style=&#8221;preset2&#8243; global_colors_info=&#8221;{}&#8221; button_bg_color__hover_enabled=&#8221;on|hover&#8221; button_bg_color__hover=&#8221;#D9B424&#8243; button_bg_enable_color__hover=&#8221;on&#8221;][\/et_pb_button][\/et_pb_column][et_pb_column type=&#8221;1_3&#8243; _builder_version=&#8221;4.16&#8243; _module_preset=&#8221;default&#8221; global_colors_info=&#8221;{}&#8221;][et_pb_cta title=&#8221;We handle your inquiry discreetly.&#8221; button_url=&#8221;https:\/\/x-rockuzletihirszerzes.hu\/en\/contact\/&#8221; button_text=&#8221;Contact Us&#8221; _builder_version=&#8221;4.21.0&#8243; _module_preset=&#8221;default&#8221; custom_button=&#8221;on&#8221; button_text_size=&#8221;24px&#8221; button_text_color=&#8221;#ffffff&#8221; button_bg_color=&#8221;#D9B424&#8243; button_border_width=&#8221;0px&#8221; button_border_color=&#8221;#ffffff&#8221; button_font=&#8221;|600||on|||||&#8221; button_icon=&#8221;&#xe010;||divi||400&#8243; custom_margin=&#8221;37px||||false|false&#8221; custom_margin_tablet=&#8221;&#8221; custom_margin_phone=&#8221;&#8221; custom_margin_last_edited=&#8221;on|phone&#8221; custom_padding=&#8221;7vw||7vw||true|false&#8221; link_option_url=&#8221;https:\/\/x-rockuzletihirszerzes.hu\/en\/contact\/&#8221; custom_css_main_element=&#8221;min-height:100%&#8221; button_text_shadow_style=&#8221;preset2&#8243; button_text_shadow_horizontal_length=&#8221;0.01em&#8221; button_text_shadow_vertical_length=&#8221;0.05em&#8221; locked=&#8221;off&#8221; global_colors_info=&#8221;{}&#8221;][\/et_pb_cta][et_pb_blurb title=&#8221;Private investigation&#8221; url=&#8221;https:\/\/x-rockuzletihirszerzes.hu\/en\/&#8221; use_icon=&#8221;on&#8221; font_icon=&#8221;&#xe0ed;||divi||400&#8243; icon_color=&#8221;#ffffff&#8221; icon_placement=&#8221;left&#8221; _builder_version=&#8221;4.21.0&#8243; _module_preset=&#8221;default&#8221; header_level=&#8221;h3&#8243; header_text_align=&#8221;left&#8221; header_letter_spacing=&#8221;2px&#8221; background_color=&#8221;#D9B424&#8243; text_orientation=&#8221;center&#8221; background_layout=&#8221;dark&#8221; custom_padding=&#8221;15px|10px|15px|10px|true|true&#8221; link_option_url=&#8221;https:\/\/x-rockuzletihirszerzes.hu\/en\/&#8221; header_text_shadow_style=&#8221;preset1&#8243; box_shadow_style=&#8221;preset3&#8243; global_colors_info=&#8221;{}&#8221;][\/et_pb_blurb][et_pb_blurb title=&#8221;Economic, business private investigation, intelligence gathering, counterintelligence&#8221; url=&#8221;https:\/\/x-rockuzletihirszerzes.hu\/en\/business-intelligence\/&#8221; use_icon=&#8221;on&#8221; font_icon=&#8221;&#xe0ed;||divi||400&#8243; icon_color=&#8221;#ffffff&#8221; icon_placement=&#8221;left&#8221; _builder_version=&#8221;4.21.0&#8243; _module_preset=&#8221;default&#8221; header_level=&#8221;h3&#8243; header_text_align=&#8221;left&#8221; header_letter_spacing=&#8221;2px&#8221; background_color=&#8221;#D9B424&#8243; text_orientation=&#8221;center&#8221; background_layout=&#8221;dark&#8221; custom_padding=&#8221;15px|10px|15px|10px|true|true&#8221; link_option_url=&#8221;https:\/\/x-rockuzletihirszerzes.hu\/en\/business-intelligence\/&#8221; header_text_shadow_style=&#8221;preset1&#8243; box_shadow_style=&#8221;preset3&#8243; global_colors_info=&#8221;{}&#8221;][\/et_pb_blurb][et_pb_blurb title=&#8221;Vetting of clients and partners&#8221; url=&#8221;https:\/\/x-rockuzletihirszerzes.hu\/en\/vetting-of-clients-and-partners\/&#8221; use_icon=&#8221;on&#8221; font_icon=&#8221;&#xe0ed;||divi||400&#8243; icon_color=&#8221;#ffffff&#8221; icon_placement=&#8221;left&#8221; _builder_version=&#8221;4.21.0&#8243; _module_preset=&#8221;default&#8221; header_level=&#8221;h3&#8243; header_text_align=&#8221;left&#8221; header_letter_spacing=&#8221;2px&#8221; background_color=&#8221;#D9B424&#8243; text_orientation=&#8221;center&#8221; background_layout=&#8221;dark&#8221; custom_padding=&#8221;15px|10px|15px|10px|true|true&#8221; link_option_url=&#8221;https:\/\/x-rockuzletihirszerzes.hu\/en\/vetting-of-clients-and-partners\/&#8221; header_text_shadow_style=&#8221;preset1&#8243; box_shadow_style=&#8221;preset3&#8243; global_colors_info=&#8221;{}&#8221;][\/et_pb_blurb][et_pb_blurb title=&#8221;Employee vetting&#8221; url=&#8221;https:\/\/x-rockuzletihirszerzes.hu\/en\/employee-vetting\/&#8221; use_icon=&#8221;on&#8221; font_icon=&#8221;&#xe0ed;||divi||400&#8243; icon_color=&#8221;#ffffff&#8221; icon_placement=&#8221;left&#8221; _builder_version=&#8221;4.21.0&#8243; _module_preset=&#8221;default&#8221; header_level=&#8221;h3&#8243; header_text_align=&#8221;left&#8221; header_letter_spacing=&#8221;2px&#8221; background_color=&#8221;#D9B424&#8243; text_orientation=&#8221;center&#8221; background_layout=&#8221;dark&#8221; custom_padding=&#8221;15px|10px|15px|10px|true|true&#8221; link_option_url=&#8221;https:\/\/x-rockuzletihirszerzes.hu\/en\/employee-vetting\/&#8221; header_text_shadow_style=&#8221;preset1&#8243; box_shadow_style=&#8221;preset3&#8243; global_colors_info=&#8221;{}&#8221;][\/et_pb_blurb][et_pb_blurb title=&#8221;Debt Management&#8221; url=&#8221;https:\/\/x-rockuzletihirszerzes.hu\/en\/debt-collection\/&#8221; use_icon=&#8221;on&#8221; font_icon=&#8221;&#xe0ed;||divi||400&#8243; icon_color=&#8221;#ffffff&#8221; icon_placement=&#8221;left&#8221; _builder_version=&#8221;4.21.0&#8243; _module_preset=&#8221;default&#8221; header_level=&#8221;h3&#8243; header_text_align=&#8221;left&#8221; header_letter_spacing=&#8221;2px&#8221; background_color=&#8221;#D9B424&#8243; text_orientation=&#8221;center&#8221; background_layout=&#8221;dark&#8221; custom_padding=&#8221;15px|10px|15px|10px|true|true&#8221; link_option_url=&#8221;https:\/\/x-rockuzletihirszerzes.hu\/en\/debt-collection\/&#8221; header_text_shadow_style=&#8221;preset1&#8243; box_shadow_style=&#8221;preset3&#8243; global_colors_info=&#8221;{}&#8221;][\/et_pb_blurb][et_pb_blurb title=&#8221;Building Business Relationships&#8221; url=&#8221;https:\/\/x-rockuzletihirszerzes.hu\/en\/building-business-relationships\/&#8221; use_icon=&#8221;on&#8221; font_icon=&#8221;&#xe0ed;||divi||400&#8243; icon_color=&#8221;#ffffff&#8221; icon_placement=&#8221;left&#8221; _builder_version=&#8221;4.21.0&#8243; _module_preset=&#8221;default&#8221; header_level=&#8221;h3&#8243; header_text_align=&#8221;left&#8221; header_letter_spacing=&#8221;2px&#8221; background_color=&#8221;#D9B424&#8243; text_orientation=&#8221;center&#8221; background_layout=&#8221;dark&#8221; custom_padding=&#8221;15px|10px|15px|10px|true|true&#8221; link_option_url=&#8221;https:\/\/x-rockuzletihirszerzes.hu\/en\/building-business-relationships\/&#8221; header_text_shadow_style=&#8221;preset1&#8243; box_shadow_style=&#8221;preset3&#8243; global_colors_info=&#8221;{}&#8221;][\/et_pb_blurb][et_pb_blurb title=&#8221;Internet Scam Detection&#8221; url=&#8221;https:\/\/x-rockuzletihirszerzes.hu\/en\/internet-scam-detection\/&#8221; use_icon=&#8221;on&#8221; font_icon=&#8221;&#xe0ed;||divi||400&#8243; icon_color=&#8221;#ffffff&#8221; icon_placement=&#8221;left&#8221; _builder_version=&#8221;4.22.0&#8243; _module_preset=&#8221;default&#8221; header_level=&#8221;h3&#8243; header_text_align=&#8221;left&#8221; header_letter_spacing=&#8221;2px&#8221; background_color=&#8221;#D9B424&#8243; text_orientation=&#8221;center&#8221; background_layout=&#8221;dark&#8221; custom_padding=&#8221;15px|10px|15px|10px|true|true&#8221; link_option_url=&#8221;https:\/\/x-rockuzletihirszerzes.hu\/en\/internet-scam-detection\/&#8221; hover_enabled=&#8221;0&#8243; header_text_shadow_style=&#8221;preset1&#8243; box_shadow_style=&#8221;preset3&#8243; global_colors_info=&#8221;{}&#8221; sticky_enabled=&#8221;0&#8243; locked=&#8221;off&#8221;][\/et_pb_blurb][et_pb_image src=&#8221;https:\/\/x-rockuzletihirszerzes.hu\/wp-content\/uploads\/2020\/09\/uzleti-atvilagitas.jpg&#8221; alt=&#8221;business due diligence&#8221; title_text=&#8221;\u00fczleti \u00e1tvil\u00e1g\u00edt\u00e1s&#8221; _builder_version=&#8221;4.21.0&#8243; _module_preset=&#8221;default&#8221; box_shadow_style=&#8221;preset3&#8243; locked=&#8221;off&#8221; global_colors_info=&#8221;{}&#8221;][\/et_pb_image][\/et_pb_column][\/et_pb_row][\/et_pb_section]<\/p>\n","protected":false},"excerpt":{"rendered":"<p>Economic investigation, business intelligence, counterintelligenceOur scope of activities includes business intelligence, counterintelligence, and economic investigation. Contact us in Budapest. We provide comprehensive advice on security, legal, and economic issues as well. The X-Rock business private detective agency can provide invaluable information not only for individuals, but also for companies and entrepreneurs. This information can assist [&hellip;]<\/p>\n","protected":false},"author":2,"featured_media":0,"parent":0,"menu_order":0,"comment_status":"closed","ping_status":"closed","template":"","meta":{"_et_pb_use_builder":"on","_et_pb_old_content":"","_et_gb_content_width":"","footnotes":""},"class_list":["post-1330","page","type-page","status-publish","hentry"],"_links":{"self":[{"href":"https:\/\/x-rockuzletihirszerzes.hu\/en\/wp-json\/wp\/v2\/pages\/1330","targetHints":{"allow":["GET"]}}],"collection":[{"href":"https:\/\/x-rockuzletihirszerzes.hu\/en\/wp-json\/wp\/v2\/pages"}],"about":[{"href":"https:\/\/x-rockuzletihirszerzes.hu\/en\/wp-json\/wp\/v2\/types\/page"}],"author":[{"embeddable":true,"href":"https:\/\/x-rockuzletihirszerzes.hu\/en\/wp-json\/wp\/v2\/users\/2"}],"replies":[{"embeddable":true,"href":"https:\/\/x-rockuzletihirszerzes.hu\/en\/wp-json\/wp\/v2\/comments?post=1330"}],"version-history":[{"count":23,"href":"https:\/\/x-rockuzletihirszerzes.hu\/en\/wp-json\/wp\/v2\/pages\/1330\/revisions"}],"predecessor-version":[{"id":1649,"href":"https:\/\/x-rockuzletihirszerzes.hu\/en\/wp-json\/wp\/v2\/pages\/1330\/revisions\/1649"}],"wp:attachment":[{"href":"https:\/\/x-rockuzletihirszerzes.hu\/en\/wp-json\/wp\/v2\/media?parent=1330"}],"curies":[{"name":"wp","href":"https:\/\/api.w.org\/{rel}","templated":true}]}}