{"id":1274,"date":"2020-09-24T16:41:01","date_gmt":"2020-09-24T16:41:01","guid":{"rendered":"https:\/\/x-rockuzletihirszerzes.hu\/impresszum\/"},"modified":"2026-03-20T10:02:17","modified_gmt":"2026-03-20T10:02:17","slug":"impressum","status":"publish","type":"page","link":"https:\/\/x-rockuzletihirszerzes.hu\/en\/impressum\/","title":{"rendered":"Impressum"},"content":{"rendered":"<p>[et_pb_section fb_built=&#8221;1&#8243; admin_label=&#8221;section&#8221; _builder_version=&#8221;4.16&#8243; global_colors_info=&#8221;{}&#8221;][et_pb_row admin_label=&#8221;row&#8221; _builder_version=&#8221;4.16&#8243; background_size=&#8221;initial&#8221; background_position=&#8221;top_left&#8221; background_repeat=&#8221;repeat&#8221; global_colors_info=&#8221;{}&#8221;][et_pb_column type=&#8221;4_4&#8243; _builder_version=&#8221;4.16&#8243; custom_padding=&#8221;|||&#8221; global_colors_info=&#8221;{}&#8221; custom_padding__hover=&#8221;|||&#8221;][et_pb_text admin_label=&#8221;Text&#8221; _builder_version=&#8221;4.21.0&#8243; background_size=&#8221;initial&#8221; background_position=&#8221;top_left&#8221; background_repeat=&#8221;repeat&#8221; global_colors_info=&#8221;{}&#8221;]<\/p>\n<p><strong>Provider data:<\/strong><\/p>\n<p>X-Rock Ltd.<\/p>\n<p>Headquarters: 1073 Budapest, Erzs\u00e9bet k\u00f6r\u00fat 40-42. 1st floor, No. 4.<\/p>\n<p>Contact details:<\/p>\n<p>e-mail:\u00a0<a href=\"mailto:door@x-rockuzletihirszerzes.hu\" target=\"_new\" rel=\"noopener\">door@x-rockuzletihirszerzes.hu<\/a><\/p>\n<p>Tax number: 29318227-2-42<\/p>\n<p>Company registration number: 01-09-386926, issuing authority: Metropolitan Court of Budapest<\/p>\n<p>Hosting provider: T\u00e1rhely.Eu Szolg\u00e1ltat\u00f3 Kft.<\/p>\n<p>Budapest, 1144 Orm\u00e1ns\u00e1g u. 4. X\/241<\/p>\n<p><a href=\"https:\/\/tarhely.eu\/dokumentumok\/adatvedelmi_szabalyzat.pdf\" target=\"_new\" rel=\"noopener\">https:\/\/tarhely.eu\/dokumentumok\/adatvedelmi_szabalyzat.pdf<\/a><\/p>\n<p><strong>GENERAL PROVISIONS<\/strong><\/p>\n<p>Links:<\/p>\n<p>The owner is not responsible for the content of other websites and the privacy and data management practices of the owners of other websites.<\/p>\n<p>Security:<\/p>\n<p>We take all measures that can be expected in good faith business conduct to protect the personal data of our customers from unauthorized persons.<\/p>\n<p><strong>OTHER PROVISIONS<\/strong><\/p>\n<p>Limitation of liability:<\/p>\n<p>Visitors may use the website solely at their own risk. We do not accept any responsibility for the execution of any business advice if it was carried out by the visitor of the website without our supervision. The owner excludes all forms of indemnification, compensation claims or legal remedies for any damages incurred by the customer during the use of this website.<\/p>\n<p>Right to change:<\/p>\n<p>The owner reserves the right to change the information on the websites without prior notice. This is particularly true for price changes. The owner does not guarantee and does not provide a warranty that the information available on the websites is up-to-date, although it strives to do so.<\/p>\n<p><strong>LEGAL STATEMENT<\/strong><\/p>\n<p>By visiting the websites available at the domain name x-rockuzletihirszerzes.hu and its subdomains, including this website, you accept the following conditions.<\/p>\n<p>We reserve all rights in connection with the copying, distribution, and use of any part of the websites available at the domain name x-rockuzletihirszerzes.hu and its subdomains, including this website, by any method or technique. Any content of x-rockuzletihirszerzes.hu can be shared or copied only with source indication.<\/p>\n<p><strong>DATA MANAGEMENT RULES<\/strong><\/p>\n<p>The Service Provider handles the personal data recorded during the services it provides confidentially, in accordance with the current data protection laws, as set out in the\u00a0<a href=\"https:\/\/x-rockuzletihirszerzes.hu\/en\/privacy-policy\/\">Privacy Notice<\/a>.<\/p>\n<p><strong>COMPLAINT MANAGEMENT<\/strong><\/p>\n<p>You can report your complaints and observations to us at the email address\u00a0<a href=\"mailto:door@x-rockuzletihirszerzes.hu\" target=\"_new\" rel=\"noopener\">door@x-rockuzletihirszerzes.hu<\/a>.<\/p>\n<p>If you have a complaint about our services, please contact us first. We are committed to resolving complaints amicably.<\/p>\n<p>You can also turn to the conciliation bodies competent according to your place of residence or stay with your complaints. Information on the jurisdiction and procedure of the conciliation bodies can be found at the following link:\u00a0<a href=\"http:\/\/www.bekeltetes.hu\/index.php?id=testuletek\" target=\"_new\" rel=\"noopener\">http:\/\/www.bekeltetes.hu\/index.php?id=testuletek<\/a>. The legal relationship between the Service Provider and the Customer is governed by Hungarian law, primarily the provisions of Act V of 2013 on the Civil Code.<\/p>\n<p>[\/et_pb_text][\/et_pb_column][\/et_pb_row][\/et_pb_section]<\/p>\n","protected":false},"excerpt":{"rendered":"<p>Provider data: X-Rock Ltd. Headquarters: 1073 Budapest, Erzs\u00e9bet k\u00f6r\u00fat 40-42. 1st floor, No. 4. Contact details: e-mail:\u00a0door@x-rockuzletihirszerzes.hu Tax number: 29318227-2-42 Company registration number: 01-09-386926, issuing authority: Metropolitan Court of Budapest Hosting provider: T\u00e1rhely.Eu Szolg\u00e1ltat\u00f3 Kft. Budapest, 1144 Orm\u00e1ns\u00e1g u. 4. X\/241 https:\/\/tarhely.eu\/dokumentumok\/adatvedelmi_szabalyzat.pdf GENERAL PROVISIONS Links: The owner is not responsible for the content of other [&hellip;]<\/p>\n","protected":false},"author":1,"featured_media":0,"parent":0,"menu_order":0,"comment_status":"closed","ping_status":"closed","template":"","meta":{"_et_pb_use_builder":"on","_et_pb_old_content":"<strong>Szolg\u00e1ltat\u00f3 adatai:<\/strong>\r\n\r\nTerra Maxima Kft.\r\n\r\nSz\u00e9khely: 3043 Egyh\u00e1zasdengeleg, R\u00e1k\u00f3czi \u00fat 40.\r\n\r\nKapcsolattart\u00e1si adatok:\r\n\r\ne-mail: iroda@terramaxima.hu\r\n\r\nAd\u00f3sz\u00e1m: 26695534-2-12\r\n\r\nC\u00e9gjegyz\u00e9ksz\u00e1m: <span class=\"cjsz\">12-09-010594, ki\u00e1ll\u00edt\u00f3 hat\u00f3s\u00e1g:\u00a0<\/span>\r\n\r\nT\u00e1rhelyszolg\u00e1ltat\u00f3: T\u00e1rhely.Eu Szolg\u00e1ltat\u00f3 Kft.\r\n\r\nBudapest, 1144 Orm\u00e1ns\u00e1g u. 4. X\/241\r\n\r\nhttps:\/\/tarhely.eu\/dokumentumok\/adatvedelmi_szabalyzat.pdf\r\n\r\n<strong>\u00c1LTAL\u00c1NOS RENDELKEZ\u00c9SEK<\/strong>\r\n\r\n\u00a0\r\n\r\nLinkek:\r\n\r\nA weboldalainkon el\u0151fordul\u00f3 linkek: a tulajdonos nem felel\u0151s m\u00e1s weboldalak tartalm\u00e1\u00e9rt, tov\u00e1bb\u00e1 a m\u00e1s weboldalak tulajdonosainak titoktart\u00e1si \u00e9s adatkezel\u00e9si gyakorlat\u00e1\u00e9rt.\r\n\r\nBiztons\u00e1g:\r\n\r\nMinden, a j\u00f3hiszem\u0171 \u00fczletvitel sor\u00e1n elv\u00e1rhat\u00f3 int\u00e9zked\u00e9st megtesz\u00fcnk, hogy az \u00fcgyfelek szem\u00e9lyes adatait illet\u00e9ktelenekt\u0151l megv\u00e9dj\u00fck.\r\n\r\n\u00a0\r\n\r\n<strong>EGY\u00c9B RENDELKEZ\u00c9SEK<\/strong>\r\n\r\nFelel\u0151ss\u00e9g korl\u00e1toz\u00e1sa:\r\n\r\nA l\u00e1togat\u00f3k a weboldalt kiz\u00e1r\u00f3lag saj\u00e1t felel\u0151ss\u00e9g\u00fckre haszn\u00e1lhatj\u00e1k. Nem v\u00e1llalunk felel\u0151ss\u00e9get semmif\u00e9le \u00fczleti tan\u00e1cs v\u00e9grehajt\u00e1s\u00e1\u00e9rt, amennyiben azt a weboldal l\u00e1togat\u00f3ja a fel\u00fcgyelet\u00fcnk n\u00e9lk\u00fcl hajtotta v\u00e9gre. A tulajdonos a jelen weboldalak haszn\u00e1lata sor\u00e1n az \u00fcgyf\u00e9ln\u00e9l felmer\u00fcl\u0151 k\u00e1rok\u00e9rt kiz\u00e1r mindenf\u00e9le k\u00e1rtalan\u00edt\u00e1si, k\u00e1rt\u00e9r\u00edt\u00e9si ig\u00e9nyt vagy jogi utat.\r\n\r\n\u00a0\r\n\r\nV\u00e1ltoztat\u00e1s joga:\r\n\r\nA tulajdonos fenntartja mag\u00e1nak a weboldalakon tal\u00e1lhat\u00f3 inform\u00e1ci\u00f3 el\u0151zetes bejelent\u00e9s n\u00e9lk\u00fcli megv\u00e1ltoztat\u00e1s\u00e1nak jog\u00e1t.\u00a0 K\u00fcl\u00f6n\u00f6s tekintettel igaz ez az \u00e1rv\u00e1ltoztat\u00e1sra. A tulajdonos nem garant\u00e1lja azt, illetve nem ny\u00fajt biztos\u00edt\u00e9kot arra, b\u00e1r t\u00f6rekszik r\u00e1, hogy a weboldalakon el\u00e9rhet\u0151 inform\u00e1ci\u00f3 napra k\u00e9sz legyen.\r\n\r\n\u00a0\r\n\r\n<strong>JOGI NYILATKOZAT<\/strong>\r\n\r\nAzzal, hogy l\u00e1togatja az \u00e1ltalunk \u00fczemeltetett maximaaudit.com domain n\u00e9ven \u00e9s ennek aldomainjein el\u00e9rhet\u0151 weboldalakat, \u00edgy jelen weboldalt, elfogadja az al\u00e1bbi felt\u00e9teleket.\r\n\r\nA maximaaudit.com domain n\u00e9ven \u00e9s ennek aldomainjein el\u00e9rhet\u0151 weboldalak, \u00edgy jelen weboldal b\u00e1rmely r\u00e9sz\u00e9nek, b\u00e1rmilyen m\u00f3dszerrel, b\u00e1rmilyen technik\u00e1val t\u00f6rt\u00e9n\u0151 m\u00e1sol\u00e1s\u00e1val, terjeszt\u00e9s\u00e9vel \u00e9s felhaszn\u00e1l\u00e1s\u00e1val kapcsolatos minden jogot fenntartunk. A maximaaudit.com b\u00e1rmely tartalm\u00e1nak megoszt\u00e1sa, m\u00e1sol\u00e1sa csak forr\u00e1s megjel\u00f6l\u00e9ssel t\u00f6rt\u00e9nhet.\r\n\r\n\u00a0\r\n\r\n<strong>ADATKEZEL\u00c9SI SZAB\u00c1LYOK<\/strong>\r\n\r\nA Szolg\u00e1ltat\u00f3 az \u00e1ltala ny\u00fajtott szolg\u00e1ltat\u00e1sok sor\u00e1n r\u00f6gz\u00edtett szem\u00e9lyes adatokat bizalmasan, a hat\u00e1lyos adatv\u00e9delmi jogszab\u00e1lyokkal \u00f6sszhangban, az\u00a0<a href=\"https:\/\/x-rockuzletihirszerzes.hu\/adatvedelmi-tajekoztato\/\">Adatv\u00e9delmi T\u00e1j\u00e9koztat\u00f3ban<\/a>\u00a0\u00a0r\u00f6gz\u00edtettek szerint kezeli.\r\n\r\n\u00a0\r\n\r\n<strong>PANASZKEZEL\u00c9S<\/strong>\r\n\r\nPanaszait, \u00e9szrev\u00e9teleit az iroda@terramaxima.hu email c\u00edmen jelezheti fel\u00e9nk.\r\n\r\nK\u00e9rj\u00fck, hogy amennyiben panasszal \u00e9lne szolg\u00e1ltat\u00e1sainkkal kapcsolatosan, \u00fagy els\u0151sorban fel\u00e9nk forduljon.\u00a0 Elk\u00f6telezettek vagyunk a panaszok b\u00e9k\u00e9s \u00faton t\u00f6rt\u00e9n\u0151 rendez\u00e9se mellett.\r\n\r\nEsetlegesen felmer\u00fcl\u0151 vit\u00e1ink rendez\u00e9s\u00e9re az Online Vitarendez\u00e9si Platform is ig\u00e9nyben vehet\u0151. Az online vitarendez\u00e9si platform felhaszn\u00e1lhat\u00f3 az online ad\u00e1sv\u00e9teli \u00e9s szolg\u00e1ltat\u00e1si szerz\u0151d\u00e9sekb\u0151l ered\u0151 fogyaszt\u00f3i jogvit\u00e1k rendez\u00e9s\u00e9hez.\r\nA platform el\u00e9rhet\u0151 az al\u00e1bbi linkr\u0151l: https:\/\/webgate.ec.europa.eu\/odr\/main\/index.cfm?event=main.home.show&lng=HU\r\n\r\nPanaszaival a lak\u00f3helye vagy tart\u00f3zkod\u00e1si helye szerint illet\u00e9kes b\u00e9k\u00e9ltet\u0151 test\u00fcletekhez is fordulhat. A b\u00e9k\u00e9ltet\u0151 test\u00fcletek illet\u00e9kess\u00e9g\u00e9re \u00e9s elj\u00e1r\u00e1s\u00e1ra vonatkoz\u00f3 inform\u00e1ci\u00f3k az al\u00e1bbi linken tal\u00e1lhat\u00f3ak meg: http:\/\/www.bekeltetes.hu\/index.php?id=testuletek.\r\nA Szolg\u00e1ltat\u00f3 \u00e9s az \u00dcgyf\u00e9l k\u00f6z\u00f6tt l\u00e9trej\u00f6tt jogviszonyra a magyar jog, els\u0151sorban a Polg\u00e1ri T\u00f6rv\u00e9nyk\u00f6nyvr\u0151l sz\u00f3l\u00f3 2013. \u00e9vi V. t\u00f6rv\u00e9ny rendelkez\u00e9sei az ir\u00e1nyad\u00f3ak.","_et_gb_content_width":"","footnotes":""},"class_list":["post-1274","page","type-page","status-publish","hentry"],"_links":{"self":[{"href":"https:\/\/x-rockuzletihirszerzes.hu\/en\/wp-json\/wp\/v2\/pages\/1274","targetHints":{"allow":["GET"]}}],"collection":[{"href":"https:\/\/x-rockuzletihirszerzes.hu\/en\/wp-json\/wp\/v2\/pages"}],"about":[{"href":"https:\/\/x-rockuzletihirszerzes.hu\/en\/wp-json\/wp\/v2\/types\/page"}],"author":[{"embeddable":true,"href":"https:\/\/x-rockuzletihirszerzes.hu\/en\/wp-json\/wp\/v2\/users\/1"}],"replies":[{"embeddable":true,"href":"https:\/\/x-rockuzletihirszerzes.hu\/en\/wp-json\/wp\/v2\/comments?post=1274"}],"version-history":[{"count":4,"href":"https:\/\/x-rockuzletihirszerzes.hu\/en\/wp-json\/wp\/v2\/pages\/1274\/revisions"}],"predecessor-version":[{"id":1894,"href":"https:\/\/x-rockuzletihirszerzes.hu\/en\/wp-json\/wp\/v2\/pages\/1274\/revisions\/1894"}],"wp:attachment":[{"href":"https:\/\/x-rockuzletihirszerzes.hu\/en\/wp-json\/wp\/v2\/media?parent=1274"}],"curies":[{"name":"wp","href":"https:\/\/api.w.org\/{rel}","templated":true}]}}